{"id":29043,"date":"2025-05-26T10:08:24","date_gmt":"2025-05-26T08:08:24","guid":{"rendered":"https:\/\/www.roues-rar.fr\/services\/crash-remplacement\/"},"modified":"2025-10-03T10:58:51","modified_gmt":"2025-10-03T08:58:51","slug":"crash-remplacement","status":"publish","type":"page","link":"https:\/\/www.roues-rar.fr\/en\/services\/crash-remplacement\/","title":{"rendered":"Crash remplacement"},"content":{"rendered":"<h2>CRASH REMPLACEMENT<\/h2>\n<p>Le projet d&#8217;acquisition des roues de vos r\u00eaves a m\u00fbri.<\/p>\n<p>Vous avez command\u00e9 le mod\u00e8le plus adapt\u00e9 \u00e0 votre pratique.<\/p>\n<p>Apr\u00e8s quelques courses, un manque de chance, un nid de poule, une mauvaise chute, un accrochage vous oblige \u00e0 nous contacter pour effectuer des r\u00e9parations.<\/p>\n<p><img decoding=\"async\" src=\"https:\/\/www.roues-rar.fr\/img\/cms\/CRASH REMPLACEMENT JPG2.jpg\" alt=\"RAR CRASH REMPLACEMENT\" width=\"940\" \/><\/p>\n<p>Dans toutes ces situations qui n&#8217;entrent pas dans le cadre de la garantie constructeur, nous vous proposons une solution avantageuse pour remettre \u00e0 neuf et\/ou \u00e0 niveau.<\/p>\n<h3>CONDITIONS:<\/h3>\n<p>* toutes les roues RAR de 2007 \u00e0 aujourd&#8217;hui<\/p>\n<p>* pr\u00e9sentation de la facture originale<\/p>\n<p>* valable pour l&#8217;acheteur initial uniquement<\/p>\n<h3>AVANTAGES:<\/h3>\n<p>* remise de 30% sur la facture globale, hors frais de port aller\/retour<\/p>\n<p>* nouvelle garantie constructeur appliqu\u00e9e sur les \u00e9l\u00e9ments remplac\u00e9s (les pi\u00e8ces conserv\u00e9es gardent leur date d&#8217;expiration garantie originale)<\/p>\n<h3>PROCEDURE:<\/h3>\n<p>* contactez nous au plus vite via le formulaire de contact<\/p>\n<p>* joignez une ou des photos nettes de votre roue endommag\u00e9e<\/p>\n<p>* nous vous enverrons un devis pro-forma approximatif de remplacement selon les \u00e9l\u00e9ments visibles sur vos photos<\/p>\n<p>* vous renvoyez la roue par transporteur: UPS\/Fedex\/DHL\/DPD\/Chronopost\/TNT\/La Poste en porte \u00e0 porte (points relais proscrits).<\/p>\n<p>* \u00e0 r\u00e9ception de la roue nous ajusterons exactement le co\u00fbt du remplacement selon les travaux r\u00e9els<\/p>\n<p>* vous d\u00e9cidez de r\u00e9aliser les transformations ou non<\/p>\n<p>* les frais de port aller et retours restent \u00e0 votre charge<\/p>\n","protected":false},"excerpt":{"rendered":"<p>CRASH REMPLACEMENT Le projet d&#8217;acquisition des roues de vos r\u00eaves a m\u00fbri. Vous avez command\u00e9 le mod\u00e8le plus adapt\u00e9 \u00e0 votre pratique. Apr\u00e8s quelques courses, un manque de chance, un nid de poule, une mauvaise chute, un accrochage vous oblige \u00e0 nous contacter pour effectuer des r\u00e9parations. Dans toutes ces situations qui n&#8217;entrent pas dans [&hellip;]<\/p>\n","protected":false},"author":1996,"featured_media":0,"parent":29033,"menu_order":4,"comment_status":"closed","ping_status":"closed","template":"page-templates\/page-constructeurdepage.php","meta":{"_acf_changed":false,"footnotes":""},"class_list":["post-29043","page","type-page","status-publish","hentry"],"acf":[],"_links":{"self":[{"href":"https:\/\/www.roues-rar.fr\/en\/wp-json\/wp\/v2\/pages\/29043","targetHints":{"allow":["GET"]}}],"collection":[{"href":"https:\/\/www.roues-rar.fr\/en\/wp-json\/wp\/v2\/pages"}],"about":[{"href":"https:\/\/www.roues-rar.fr\/en\/wp-json\/wp\/v2\/types\/page"}],"author":[{"embeddable":true,"href":"https:\/\/www.roues-rar.fr\/en\/wp-json\/wp\/v2\/users\/1996"}],"replies":[{"embeddable":true,"href":"https:\/\/www.roues-rar.fr\/en\/wp-json\/wp\/v2\/comments?post=29043"}],"version-history":[{"count":2,"href":"https:\/\/www.roues-rar.fr\/en\/wp-json\/wp\/v2\/pages\/29043\/revisions"}],"predecessor-version":[{"id":30311,"href":"https:\/\/www.roues-rar.fr\/en\/wp-json\/wp\/v2\/pages\/29043\/revisions\/30311"}],"up":[{"embeddable":true,"href":"https:\/\/www.roues-rar.fr\/en\/wp-json\/wp\/v2\/pages\/29033"}],"wp:attachment":[{"href":"https:\/\/www.roues-rar.fr\/en\/wp-json\/wp\/v2\/media?parent=29043"}],"curies":[{"name":"wp","href":"https:\/\/api.w.org\/{rel}","templated":true}]}}