{"id":29056,"date":"2025-08-25T16:17:47","date_gmt":"2025-08-25T14:17:47","guid":{"rendered":"https:\/\/www.roues-rar.fr\/technologies\/outillage-production\/"},"modified":"2025-09-27T15:21:48","modified_gmt":"2025-09-27T13:21:48","slug":"outillage-production","status":"publish","type":"page","link":"https:\/\/www.roues-rar.fr\/en\/technologies\/outillage-production\/","title":{"rendered":"EXCEPTIONNAL ENGINEERING"},"content":{"rendered":"<h2>CONCEPTION<\/h2>\n<p>La feuille blanche : l\u2019\u00e9tape excitante et cruciale.<br \/>\nLe produit doit \u00eatre le plus extr\u00eame possible en combinant des points communs d\u2019esth\u00e9tisme, d\u2019aisance \u00e0 la fabrication et de robustesse g\u00e9om\u00e9trique.<br \/>\nCette premi\u00e8re phase fixe les dimensions, trace les courbes et fige la g\u00e9om\u00e9trie.<\/p>\n<p>&nbsp;<\/p>\n<p>&nbsp;<\/p>\n","protected":false},"excerpt":{"rendered":"<p>CONCEPTION La feuille blanche : l\u2019\u00e9tape excitante et cruciale. Le produit doit \u00eatre le plus extr\u00eame possible en combinant des points communs d\u2019esth\u00e9tisme, d\u2019aisance \u00e0 la fabrication et de robustesse g\u00e9om\u00e9trique. Cette premi\u00e8re phase fixe les dimensions, trace les courbes et fige la g\u00e9om\u00e9trie. &nbsp; &nbsp;<\/p>\n","protected":false},"author":2,"featured_media":0,"parent":29048,"menu_order":10,"comment_status":"closed","ping_status":"closed","template":"page-templates\/page-constructeurdepage.php","meta":{"_acf_changed":false,"footnotes":""},"class_list":["post-29056","page","type-page","status-publish","hentry"],"acf":[],"_links":{"self":[{"href":"https:\/\/www.roues-rar.fr\/en\/wp-json\/wp\/v2\/pages\/29056","targetHints":{"allow":["GET"]}}],"collection":[{"href":"https:\/\/www.roues-rar.fr\/en\/wp-json\/wp\/v2\/pages"}],"about":[{"href":"https:\/\/www.roues-rar.fr\/en\/wp-json\/wp\/v2\/types\/page"}],"author":[{"embeddable":true,"href":"https:\/\/www.roues-rar.fr\/en\/wp-json\/wp\/v2\/users\/2"}],"replies":[{"embeddable":true,"href":"https:\/\/www.roues-rar.fr\/en\/wp-json\/wp\/v2\/comments?post=29056"}],"version-history":[{"count":4,"href":"https:\/\/www.roues-rar.fr\/en\/wp-json\/wp\/v2\/pages\/29056\/revisions"}],"predecessor-version":[{"id":29904,"href":"https:\/\/www.roues-rar.fr\/en\/wp-json\/wp\/v2\/pages\/29056\/revisions\/29904"}],"up":[{"embeddable":true,"href":"https:\/\/www.roues-rar.fr\/en\/wp-json\/wp\/v2\/pages\/29048"}],"wp:attachment":[{"href":"https:\/\/www.roues-rar.fr\/en\/wp-json\/wp\/v2\/media?parent=29056"}],"curies":[{"name":"wp","href":"https:\/\/api.w.org\/{rel}","templated":true}]}}