{"id":29062,"date":"2025-08-26T09:57:21","date_gmt":"2025-08-26T07:57:21","guid":{"rendered":"https:\/\/www.roues-rar.fr\/technologies\/rar-even-rar-magnum\/"},"modified":"2025-09-27T14:21:00","modified_gmt":"2025-09-27T12:21:00","slug":"rar-even-rar-magnum","status":"publish","type":"page","link":"https:\/\/www.roues-rar.fr\/en\/technologies\/rar-even-rar-magnum\/","title":{"rendered":"EVEN | MAGNUM"},"content":{"rendered":"<p>Avec un lancement en trombe \u00e0 l&#8217;occasion du Salon du Cycle de Paris en 2011, notre gamme EVEN s\u2019est b\u00e2ti une r\u00e9putation exceptionnelle. A l\u2019origine diffus\u00e9e exclusivement en 50mm boyau, le segment inclut aujourd\u2019hui des profils aussi divers que le 24mm disque route, les XC29, les GX35 ou encore les 40mm freinage patin.<\/p>\n<p>Ces roues excellentes assurent des performances dingues dans des co\u00fbts totalement ma\u00eetris\u00e9s, tout en maintenant ce qui fait la force d\u2019une RAR\u00a0: la rigueur experte d\u2019assemblage artisanal dans nos locaux.<\/p>\n<p>L\u2019exp\u00e9rience acquise par les millions de rayons assembl\u00e9s sur ces EVEN et MAGNUM, et surtout les millions d\u2019heures cumul\u00e9es de roulage nous conforte dans la r\u00e9sistance et la pertinence des profils de ce segment.<br \/>\nLe suivi de production sur chaque roue produite s&#8217;\u00e9tend, via son num\u00e9ro de s\u00e9rie, du premier tissu composite pos\u00e9 dans le moule jusqu&#8217;\u00e0 la pose de l&#8217;adh\u00e9sif ou de la ligature.<\/p>\n<p>Fusionn\u00e9e avec notre exp\u00e9rience, cette tra\u00e7abilit\u00e9 rend possible la garantie de 5 ans.<\/p>\n<p>D\u2019un point de vue construction, chaque jante b\u00e9n\u00e9ficie d\u2019une structure creuse. Sa vessie de fabrication est sortie en fin de moulage afin d\u2019obtenir une jante aussi nette \u00e0 l\u2019int\u00e9rieur qu\u2019\u00e0 l\u2019ext\u00e9rieur. Surtout cette construction assure que l\u2019int\u00e9gralit\u00e9 de la masse corresponde \u00e0 du carbone et \u00e0 sa r\u00e9sine sous pression. Le rapport masse\/r\u00e9sistance\/performance est logiquement sup\u00e9rieur aux constructions en sandwich sur mousse.<\/p>\n<p><img loading=\"lazy\" decoding=\"async\" class=\"alignnone wp-image-23805 size-fp-large\" src=\"https:\/\/www.roues-rar.fr\/wp-content\/uploads\/2025\/08\/EVEN-MAGNUM-IMAGE-TEC-01-1200x264.jpg\" alt=\"\" width=\"1200\" height=\"264\" srcset=\"https:\/\/www.roues-rar.fr\/wp-content\/uploads\/2025\/08\/EVEN-MAGNUM-IMAGE-TEC-01-1200x264.jpg 1200w, https:\/\/www.roues-rar.fr\/wp-content\/uploads\/2025\/08\/EVEN-MAGNUM-IMAGE-TEC-01-300x66.jpg 300w, https:\/\/www.roues-rar.fr\/wp-content\/uploads\/2025\/08\/EVEN-MAGNUM-IMAGE-TEC-01-1024x225.jpg 1024w, https:\/\/www.roues-rar.fr\/wp-content\/uploads\/2025\/08\/EVEN-MAGNUM-IMAGE-TEC-01-768x169.jpg 768w, https:\/\/www.roues-rar.fr\/wp-content\/uploads\/2025\/08\/EVEN-MAGNUM-IMAGE-TEC-01-1536x338.jpg 1536w, https:\/\/www.roues-rar.fr\/wp-content\/uploads\/2025\/08\/EVEN-MAGNUM-IMAGE-TEC-01-2048x451.jpg 2048w, https:\/\/www.roues-rar.fr\/wp-content\/uploads\/2025\/08\/EVEN-MAGNUM-IMAGE-TEC-01-640x141.jpg 640w, https:\/\/www.roues-rar.fr\/wp-content\/uploads\/2025\/08\/EVEN-MAGNUM-IMAGE-TEC-01-1920x423.jpg 1920w, https:\/\/www.roues-rar.fr\/wp-content\/uploads\/2025\/08\/EVEN-MAGNUM-IMAGE-TEC-01-1100x242.jpg 1100w\" sizes=\"auto, (max-width: 1200px) 100vw, 1200px\" \/><\/p>\n","protected":false},"excerpt":{"rendered":"<p>Avec un lancement en trombe \u00e0 l&#8217;occasion du Salon du Cycle de Paris en 2011, notre gamme EVEN s\u2019est b\u00e2ti une r\u00e9putation exceptionnelle. A l\u2019origine diffus\u00e9e exclusivement en 50mm boyau, le segment inclut aujourd\u2019hui des profils aussi divers que le 24mm disque route, les XC29, les GX35 ou encore les 40mm freinage patin. Ces roues [&hellip;]<\/p>\n","protected":false},"author":2,"featured_media":0,"parent":29048,"menu_order":12,"comment_status":"closed","ping_status":"closed","template":"page-templates\/page-constructeurdepage.php","meta":{"_acf_changed":false,"footnotes":""},"class_list":["post-29062","page","type-page","status-publish","hentry"],"acf":[],"_links":{"self":[{"href":"https:\/\/www.roues-rar.fr\/en\/wp-json\/wp\/v2\/pages\/29062","targetHints":{"allow":["GET"]}}],"collection":[{"href":"https:\/\/www.roues-rar.fr\/en\/wp-json\/wp\/v2\/pages"}],"about":[{"href":"https:\/\/www.roues-rar.fr\/en\/wp-json\/wp\/v2\/types\/page"}],"author":[{"embeddable":true,"href":"https:\/\/www.roues-rar.fr\/en\/wp-json\/wp\/v2\/users\/2"}],"replies":[{"embeddable":true,"href":"https:\/\/www.roues-rar.fr\/en\/wp-json\/wp\/v2\/comments?post=29062"}],"version-history":[{"count":2,"href":"https:\/\/www.roues-rar.fr\/en\/wp-json\/wp\/v2\/pages\/29062\/revisions"}],"predecessor-version":[{"id":29077,"href":"https:\/\/www.roues-rar.fr\/en\/wp-json\/wp\/v2\/pages\/29062\/revisions\/29077"}],"up":[{"embeddable":true,"href":"https:\/\/www.roues-rar.fr\/en\/wp-json\/wp\/v2\/pages\/29048"}],"wp:attachment":[{"href":"https:\/\/www.roues-rar.fr\/en\/wp-json\/wp\/v2\/media?parent=29062"}],"curies":[{"name":"wp","href":"https:\/\/api.w.org\/{rel}","templated":true}]}}