{"id":29067,"date":"2025-08-25T13:02:19","date_gmt":"2025-08-25T11:02:19","guid":{"rendered":"https:\/\/www.roues-rar.fr\/technologies\/rar-aura\/"},"modified":"2025-09-21T16:43:14","modified_gmt":"2025-09-21T14:43:14","slug":"rar-aura","status":"publish","type":"page","link":"https:\/\/www.roues-rar.fr\/en\/technologies\/rar-aura\/","title":{"rendered":"AURA"},"content":{"rendered":"<p>AURA est la premi\u00e8re roue ultra l\u00e9g\u00e8re architectur\u00e9e sur des rayons hybrides carbone haut module et titane, d\u2019une finesse et r\u00e9sistance 300% sup\u00e9rieure \u00e0 celle des meilleurs rayons acier.<\/p>\n<p>Cette nouvelle m\u00e9thode de fabrication, combin\u00e9e \u00e0 la ma\u00eetrise du proc\u00e9d\u00e9 d\u2019assemblage artisanal exclusif, ouvre de nouvelles perspectives.<\/p>\n<p>Elle d\u00e9cuple l\u2019efficacit\u00e9\u00a0de la roue, maximise son confort, et l\u2019all\u00e8ge incroyablement.<\/p>\n","protected":false},"excerpt":{"rendered":"<p>AURA est la premi\u00e8re roue ultra l\u00e9g\u00e8re architectur\u00e9e sur des rayons hybrides carbone haut module et titane, d\u2019une finesse et r\u00e9sistance 300% sup\u00e9rieure \u00e0 celle des meilleurs rayons acier. Cette nouvelle m\u00e9thode de fabrication, combin\u00e9e \u00e0 la ma\u00eetrise du proc\u00e9d\u00e9 d\u2019assemblage artisanal exclusif, ouvre de nouvelles perspectives. Elle d\u00e9cuple l\u2019efficacit\u00e9\u00a0de la roue, maximise son confort, [&hellip;]<\/p>\n","protected":false},"author":2,"featured_media":0,"parent":29048,"menu_order":14,"comment_status":"closed","ping_status":"closed","template":"page-templates\/page-constructeurdepage.php","meta":{"_acf_changed":false,"footnotes":""},"class_list":["post-29067","page","type-page","status-publish","hentry"],"acf":[],"_links":{"self":[{"href":"https:\/\/www.roues-rar.fr\/en\/wp-json\/wp\/v2\/pages\/29067","targetHints":{"allow":["GET"]}}],"collection":[{"href":"https:\/\/www.roues-rar.fr\/en\/wp-json\/wp\/v2\/pages"}],"about":[{"href":"https:\/\/www.roues-rar.fr\/en\/wp-json\/wp\/v2\/types\/page"}],"author":[{"embeddable":true,"href":"https:\/\/www.roues-rar.fr\/en\/wp-json\/wp\/v2\/users\/2"}],"replies":[{"embeddable":true,"href":"https:\/\/www.roues-rar.fr\/en\/wp-json\/wp\/v2\/comments?post=29067"}],"version-history":[{"count":2,"href":"https:\/\/www.roues-rar.fr\/en\/wp-json\/wp\/v2\/pages\/29067\/revisions"}],"predecessor-version":[{"id":29072,"href":"https:\/\/www.roues-rar.fr\/en\/wp-json\/wp\/v2\/pages\/29067\/revisions\/29072"}],"up":[{"embeddable":true,"href":"https:\/\/www.roues-rar.fr\/en\/wp-json\/wp\/v2\/pages\/29048"}],"wp:attachment":[{"href":"https:\/\/www.roues-rar.fr\/en\/wp-json\/wp\/v2\/media?parent=29067"}],"curies":[{"name":"wp","href":"https:\/\/api.w.org\/{rel}","templated":true}]}}