{"id":29091,"date":"2025-05-20T15:03:56","date_gmt":"2025-05-20T13:03:56","guid":{"rendered":"https:\/\/www.roues-rar.fr\/mentions-legales\/"},"modified":"2025-11-03T21:19:37","modified_gmt":"2025-11-03T20:19:37","slug":"mentions-legales","status":"publish","type":"page","link":"https:\/\/www.roues-rar.fr\/en\/mentions-legales\/","title":{"rendered":"Mentions l\u00e9gales"},"content":{"rendered":"<h3><\/h3>\n<h3>Identification de l&#8217;\u00e9diteur<\/h3>\n<p><strong>Adrien Gontier<\/strong><br \/>\n264 rue de la libert\u00e9<br \/>\n59600 MAUBEUGE &#8211; FRANCE<\/p>\n<p>Tel: +33 (0)9 63 45 42 32<\/p>\n<p>N\u00b0 SIREN :\u00a0524079035<br \/>\nCode APE : 3092Z<\/p>\n<p><strong>Directeur de la publication :\u00a0<\/strong>Adrien Gontier<\/p>\n<h3>H\u00e9bergeur<\/h3>\n<p>Ce site est h\u00e9berg\u00e9 par O.V.H<br \/>\n2 rue Kellermann &#8211; 59100 Roubaix &#8211; France<\/p>\n<h3>Conception<\/h3>\n<p>JAO COMMUNICATION &#8211; <a href=\"https:\/\/www.jaocreation.fr\" target=\"_blank\" rel=\"noopener\">Agence Digitale Lyon<\/a><\/p>\n<h3>Cookies<\/h3>\n<p>Des donn\u00e9es non personnelles sont collect\u00e9es lors de votre navigation, par un syst\u00e8me de cookies, \u00e0 des fins statistiques.<br \/>\nCes fichiers stock\u00e9s sur votre ordinateur permettent d&#8217;enregistrer les informations relatives \u00e0 votre navigation sur le site (pages consult\u00e9es, date et l&#8217;heure de consultation). En aucun cas ces donn\u00e9es ne nous permettent de vous identifier, elles ont pour seul but de nous aider \u00e0 vous offrir un acc\u00e8s facilit\u00e9 aux services propos\u00e9s et \u00e0 am\u00e9liorer ce site. Vous pouvez vous opposer \u00e0 l&#8217;enregistrement de cookies en configurant votre navigateur selon les modalit\u00e9s d\u00e9taill\u00e9es sur le site de la Commission Nationale Informatique et Libert\u00e9s <a href=\"http:\/\/www.cnil.fr\" target=\"_blank\" rel=\"noopener\">www.cnil.fr<\/a>.<\/p>\n<h3>Traitement des donn\u00e9es \u00e0 caract\u00e8re personnel<\/h3>\n<p>Conform\u00e9ment aux dispositions de la loi n\u00b0 78-17 du 6 janvier 1978 relative \u00e0 l&#8217;informatique, aux fichiers et aux libert\u00e9s, vous disposez d&#8217;un droit d&#8217;acc\u00e8s, de modification, de rectification et de suppression des donn\u00e9es qui vous concernent. Pour demander une modification, rectification ou suppression des donn\u00e9es vous concernant, il vous suffit d&#8217;envoyer un courrier par voie \u00e9lectronique ou postale \u00e0 la Direction de l&#8217;information l\u00e9gale et administrative en justifiant de votre identit\u00e9.<\/p>\n<h3>Droit de reproduction<\/h3>\n<p>La reproduction ou r\u00e9utilisation des contenus de ce site est autoris\u00e9e sous r\u00e9serve de mentionner la date et la source et plus globalement de respecter la licence ouverte. La copie des autres pages du site, des logos doit avoir obtenu l&#8217;autorisation du directeur de la publication.<\/p>\n<h3>Cr\u00e9dits Photos<\/h3>\n<p>\u00a9 Adrien Gontier<\/p>\n","protected":false},"excerpt":{"rendered":"<p>Identification de l&#8217;\u00e9diteur Adrien Gontier 264 rue de la libert\u00e9 59600 MAUBEUGE &#8211; FRANCE Tel: +33 (0)9 63 45 42 32 N\u00b0 SIREN :\u00a0524079035 Code APE : 3092Z Directeur de la publication :\u00a0Adrien Gontier H\u00e9bergeur Ce site est h\u00e9berg\u00e9 par O.V.H 2 rue Kellermann &#8211; 59100 Roubaix &#8211; France Conception JAO COMMUNICATION &#8211; Agence Digitale [&hellip;]<\/p>\n","protected":false},"author":1996,"featured_media":0,"parent":0,"menu_order":25,"comment_status":"closed","ping_status":"closed","template":"page-templates\/page-full-width.php","meta":{"_acf_changed":false,"footnotes":""},"class_list":["post-29091","page","type-page","status-publish","hentry"],"acf":[],"_links":{"self":[{"href":"https:\/\/www.roues-rar.fr\/en\/wp-json\/wp\/v2\/pages\/29091","targetHints":{"allow":["GET"]}}],"collection":[{"href":"https:\/\/www.roues-rar.fr\/en\/wp-json\/wp\/v2\/pages"}],"about":[{"href":"https:\/\/www.roues-rar.fr\/en\/wp-json\/wp\/v2\/types\/page"}],"author":[{"embeddable":true,"href":"https:\/\/www.roues-rar.fr\/en\/wp-json\/wp\/v2\/users\/1996"}],"replies":[{"embeddable":true,"href":"https:\/\/www.roues-rar.fr\/en\/wp-json\/wp\/v2\/comments?post=29091"}],"version-history":[{"count":8,"href":"https:\/\/www.roues-rar.fr\/en\/wp-json\/wp\/v2\/pages\/29091\/revisions"}],"predecessor-version":[{"id":31100,"href":"https:\/\/www.roues-rar.fr\/en\/wp-json\/wp\/v2\/pages\/29091\/revisions\/31100"}],"wp:attachment":[{"href":"https:\/\/www.roues-rar.fr\/en\/wp-json\/wp\/v2\/media?parent=29091"}],"curies":[{"name":"wp","href":"https:\/\/api.w.org\/{rel}","templated":true}]}}