{"id":13604,"date":"2023-01-05T23:06:37","date_gmt":"2023-01-05T22:06:37","guid":{"rendered":"https:\/\/www.roues-rar.fr\/produit\/kit-adhesif-rar-2022\/"},"modified":"2026-04-06T06:47:48","modified_gmt":"2026-04-06T04:47:48","slug":"kit-adhesif-rar-2022","status":"publish","type":"product","link":"https:\/\/www.roues-rar.fr\/kit-adhesif-rar-2022\/","title":{"rendered":"D\u00e9co roues RAR adh\u00e9sifs 2022+"},"excerpt":{"rendered":"<p>Jeu d&#8217;adh\u00e9sif 1 roue comprenant 2 logos plus le nom du mod\u00e8le.<\/p>\n<p>Prix\/roue.<\/p>\n<p>Version utilis\u00e9e sur les roues produites \u00e0 partir de 2022.<\/p>\n<p>&#8211; 57 coloris disponibles ci-dessous. Pr\u00e9cisez votre choix en page commentaire.<\/p>\n<p>&#8211; Sur-mesure: d\u00e9co personnalis\u00e9e possible, lamination incluse. Contactez nous pour le process.<\/p>\n","protected":false},"featured_media":28234,"template":"","meta":{"_acf_changed":false},"product_brand":[],"product_cat":[1868],"product_tag":[1773],"class_list":{"0":"post-13604","1":"product","2":"type-product","3":"status-publish","4":"has-post-thumbnail","6":"product_cat-detail-sav","7":"product_tag-deco","8":"pa_stickerversion2022-tempo2","9":"pa_stickerversion2022-even24","10":"pa_stickerversion2022-exalt24","11":"pa_stickerversion2022-evengx35","12":"pa_stickerversion2022-even40","13":"pa_stickerversion2022-evengx40","14":"pa_stickerversion2022-exalt40","15":"pa_stickerversion2022-even50","16":"pa_stickerversion2022-magnum60","17":"pa_stickerversion2022-magnum90","18":"pa_stickerversion2022-magnumlenticulaire","19":"pa_stickerversion2022-evenxc29","20":"pa_stickerversion2022-exaltxc29","21":"pa_stickerversion2022-evenam29","22":"pa_stickerversion2022-tempo22freinagepatin","23":"pa_stickerversion2022-even40freinagepatin","24":"pa_stickerversion2022-even50freinagepatin","25":"pa_typedestickerjante-laquematemetalfluo","26":"pa_typedestickerjante-chrome","27":"pa_typedestickerjante-retro_reflechissant","28":"pa_typedestickerjante-ba-sur_mesure_impressionnumer","30":"first","31":"instock","32":"taxable","33":"shipping-taxable","34":"purchasable","35":"product-type-variable","36":"has-default-attributes"},"acf":[],"_links":{"self":[{"href":"https:\/\/www.roues-rar.fr\/en\/wp-json\/wp\/v2\/product\/13604","targetHints":{"allow":["GET"]}}],"collection":[{"href":"https:\/\/www.roues-rar.fr\/en\/wp-json\/wp\/v2\/product"}],"about":[{"href":"https:\/\/www.roues-rar.fr\/en\/wp-json\/wp\/v2\/types\/product"}],"wp:featuredmedia":[{"embeddable":true,"href":"https:\/\/www.roues-rar.fr\/en\/wp-json\/wp\/v2\/media\/28234"}],"wp:attachment":[{"href":"https:\/\/www.roues-rar.fr\/en\/wp-json\/wp\/v2\/media?parent=13604"}],"wp:term":[{"taxonomy":"product_brand","embeddable":true,"href":"https:\/\/www.roues-rar.fr\/en\/wp-json\/wp\/v2\/product_brand?post=13604"},{"taxonomy":"product_cat","embeddable":true,"href":"https:\/\/www.roues-rar.fr\/en\/wp-json\/wp\/v2\/product_cat?post=13604"},{"taxonomy":"product_tag","embeddable":true,"href":"https:\/\/www.roues-rar.fr\/en\/wp-json\/wp\/v2\/product_tag?post=13604"}],"curies":[{"name":"wp","href":"https:\/\/api.w.org\/{rel}","templated":true}]}}