{"id":13697,"date":"2023-02-27T08:47:44","date_gmt":"2023-02-27T07:47:44","guid":{"rendered":"https:\/\/www.roues-rar.fr\/produit\/cassette-dura-ace-cs-r9200-12\/"},"modified":"2025-09-16T17:20:02","modified_gmt":"2025-09-16T15:20:02","slug":"cassette-dura-ace-cs-r9200-12","status":"publish","type":"product","link":"https:\/\/www.roues-rar.fr\/cassette-dura-ace-cs-r9200-12\/","title":{"rendered":"Cassette DURA-ACE CS-R9200-12"},"excerpt":{"rendered":"<p>L&#8217;excellente qualit\u00e9 des changements de vitesse de la gamme de cassettes DURA-ACE R9200 12 vitesses vous permet de grimper, de sprinter et de repousser vos limites sans rel\u00e2cher votre effort au moment de penser \u00e0 votre prochain changement de rapport.<\/p>\n<p>Pr\u00e9cisez nous \u00e0 la commande si vous la souhaitez mont\u00e9e sur votre paire de roues.<\/p>\n","protected":false},"featured_media":28730,"template":"","meta":{"_acf_changed":false},"product_brand":[],"product_cat":[25],"product_tag":[],"class_list":{"0":"post-13697","1":"product","2":"type-product","3":"status-publish","4":"has-post-thumbnail","6":"product_cat-accessoires","7":"pa_denturescassettes-11_30","8":"pa_denturescassettes-11_34","10":"first","11":"instock","12":"taxable","13":"shipping-taxable","14":"purchasable","15":"product-type-variable","16":"has-default-attributes"},"acf":[],"_links":{"self":[{"href":"https:\/\/www.roues-rar.fr\/en\/wp-json\/wp\/v2\/product\/13697","targetHints":{"allow":["GET"]}}],"collection":[{"href":"https:\/\/www.roues-rar.fr\/en\/wp-json\/wp\/v2\/product"}],"about":[{"href":"https:\/\/www.roues-rar.fr\/en\/wp-json\/wp\/v2\/types\/product"}],"wp:featuredmedia":[{"embeddable":true,"href":"https:\/\/www.roues-rar.fr\/en\/wp-json\/wp\/v2\/media\/28730"}],"wp:attachment":[{"href":"https:\/\/www.roues-rar.fr\/en\/wp-json\/wp\/v2\/media?parent=13697"}],"wp:term":[{"taxonomy":"product_brand","embeddable":true,"href":"https:\/\/www.roues-rar.fr\/en\/wp-json\/wp\/v2\/product_brand?post=13697"},{"taxonomy":"product_cat","embeddable":true,"href":"https:\/\/www.roues-rar.fr\/en\/wp-json\/wp\/v2\/product_cat?post=13697"},{"taxonomy":"product_tag","embeddable":true,"href":"https:\/\/www.roues-rar.fr\/en\/wp-json\/wp\/v2\/product_tag?post=13697"}],"curies":[{"name":"wp","href":"https:\/\/api.w.org\/{rel}","templated":true}]}}