{"id":25651,"date":"2025-09-05T08:46:15","date_gmt":"2025-09-05T06:46:15","guid":{"rendered":"https:\/\/www.roues-rar.fr\/?post_type=product&#038;p=25651"},"modified":"2025-09-23T12:25:52","modified_gmt":"2025-09-23T10:25:52","slug":"roulements-tpi","status":"publish","type":"product","link":"https:\/\/www.roues-rar.fr\/roulements-tpi\/","title":{"rendered":"Roulements TPI"},"excerpt":{"rendered":"<p dir=\"ltr\" data-pm-slice=\"1 1 []\">Optimisez chaque rotation avec les roulements TPI, \u00e9quipant de s\u00e9rie les moyeux RAR FIRST.<br \/>\nCon\u00e7us pour une endurance exceptionnelle, ces roulements en acier, dot\u00e9s d\u2019un double joint caoutchouc \u00e9tanche et d\u2019une cage en acier, fabriqu\u00e9s \u00e0 Ta\u00efwan, offrent un faible couple de frottement pour une glisse fluide sur des milliers de kilom\u00e8tres.<br \/>\nPour les cyclistes exigeants, les TPI garantissent une fiabilit\u00e9 sans faille et une performance \u00e9quilibr\u00e9e.<\/p>\n<p>Utilisation id\u00e9ale:\u00a0Toute conditions ROUTE \/ VTT \/ GRAVEL<br \/>\nEntretien:\u00a0Aucun<br \/>\nEndurance:\u00a0Standard.<br \/>\nCouple de frottement 6902 (15\u00b0C): 0.98cN.m<\/p>\n","protected":false},"featured_media":20936,"template":"","meta":{"_acf_changed":false},"product_brand":[],"product_cat":[24],"product_tag":[1673],"class_list":{"0":"post-25651","1":"product","2":"type-product","3":"status-publish","4":"has-post-thumbnail","6":"product_cat-pieces-detachees","7":"product_tag-roulements","8":"pa_roulements-tpi6802","9":"pa_roulements-tpi6902","10":"pa_roulements-skf6802","11":"pa_roulements-skf6902","12":"pa_roulements-skf6801","13":"pa_roulements-skf6803","14":"pa_roulements-skf6903","15":"pa_roulements-hwg_acros19285","16":"pa_roulements-hwg_acros19307","17":"pa_roulements-cyclingceramic6802","18":"pa_roulements-cyclingceramic6902","19":"pa_roulements-skfmtrx6802","20":"pa_roulements-skfmtrx6902","22":"first","23":"instock","24":"taxable","25":"shipping-taxable","26":"purchasable","27":"product-type-variable","28":"has-default-attributes"},"acf":[],"_links":{"self":[{"href":"https:\/\/www.roues-rar.fr\/en\/wp-json\/wp\/v2\/product\/25651","targetHints":{"allow":["GET"]}}],"collection":[{"href":"https:\/\/www.roues-rar.fr\/en\/wp-json\/wp\/v2\/product"}],"about":[{"href":"https:\/\/www.roues-rar.fr\/en\/wp-json\/wp\/v2\/types\/product"}],"wp:featuredmedia":[{"embeddable":true,"href":"https:\/\/www.roues-rar.fr\/en\/wp-json\/wp\/v2\/media\/20936"}],"wp:attachment":[{"href":"https:\/\/www.roues-rar.fr\/en\/wp-json\/wp\/v2\/media?parent=25651"}],"wp:term":[{"taxonomy":"product_brand","embeddable":true,"href":"https:\/\/www.roues-rar.fr\/en\/wp-json\/wp\/v2\/product_brand?post=25651"},{"taxonomy":"product_cat","embeddable":true,"href":"https:\/\/www.roues-rar.fr\/en\/wp-json\/wp\/v2\/product_cat?post=25651"},{"taxonomy":"product_tag","embeddable":true,"href":"https:\/\/www.roues-rar.fr\/en\/wp-json\/wp\/v2\/product_tag?post=25651"}],"curies":[{"name":"wp","href":"https:\/\/api.w.org\/{rel}","templated":true}]}}