{"id":28517,"date":"2025-09-12T14:31:08","date_gmt":"2025-09-12T12:31:08","guid":{"rendered":"https:\/\/www.roues-rar.fr\/?post_type=product&#038;p=28517"},"modified":"2025-09-23T07:47:05","modified_gmt":"2025-09-23T05:47:05","slug":"roulements-skf-mtrx","status":"publish","type":"product","link":"https:\/\/www.roues-rar.fr\/roulements-skf-mtrx\/","title":{"rendered":"Roulements SKF MTRX"},"excerpt":{"rendered":"<p dir=\"ltr\" data-pm-slice=\"1 1 []\">D\u00e9couvrez une robustesse in\u00e9gal\u00e9e avec les roulements SKF MTRX, con\u00e7us pour les environnements les plus exigeants.<br \/>\nFabriqu\u00e9s en Su\u00e8de, ces roulements en acier int\u00e8grent une cage en polym\u00e8re auto-lubrifiante, imbib\u00e9e d\u2019huile solide, qui r\u00e9duit le frottement en rotation malgr\u00e9 un couple initial plus \u00e9lev\u00e9 par leur conception sp\u00e9cifique.<br \/>\nAvec un double joint caoutchouc, ils minimisent la maintenance.<br \/>\nPour les cyclistes audacieux, les SKF MTRX assurent une performance durable et une fluidit\u00e9 optimale, m\u00eame sur les terrains hostiles.<\/p>\n<p>Utilisation id\u00e9ale:\u00a0VTT \/ GRAVEL \/ ULTRA-DISTANCE<br \/>\nEntretien:\u00a0Aucun<br \/>\nEndurance:\u00a0Sup\u00e9rieure.<br \/>\nCouple de frottement 6902 (15\u00b0C): 3.20cN.m<\/p>\n","protected":false},"featured_media":20940,"template":"","meta":{"_acf_changed":false},"product_brand":[],"product_cat":[24],"product_tag":[1673],"class_list":{"0":"post-28517","1":"product","2":"type-product","3":"status-publish","4":"has-post-thumbnail","6":"product_cat-pieces-detachees","7":"product_tag-roulements","8":"pa_roulements-tpi6802","9":"pa_roulements-tpi6902","10":"pa_roulements-skf6802","11":"pa_roulements-skf6902","12":"pa_roulements-skf6801","13":"pa_roulements-skf6803","14":"pa_roulements-skf6903","15":"pa_roulements-hwg_acros19285","16":"pa_roulements-hwg_acros19307","17":"pa_roulements-cyclingceramic6802","18":"pa_roulements-cyclingceramic6902","19":"pa_roulements-skfmtrx6802","20":"pa_roulements-skfmtrx6902","22":"first","23":"instock","24":"taxable","25":"shipping-taxable","26":"purchasable","27":"product-type-variable"},"acf":[],"_links":{"self":[{"href":"https:\/\/www.roues-rar.fr\/en\/wp-json\/wp\/v2\/product\/28517","targetHints":{"allow":["GET"]}}],"collection":[{"href":"https:\/\/www.roues-rar.fr\/en\/wp-json\/wp\/v2\/product"}],"about":[{"href":"https:\/\/www.roues-rar.fr\/en\/wp-json\/wp\/v2\/types\/product"}],"wp:featuredmedia":[{"embeddable":true,"href":"https:\/\/www.roues-rar.fr\/en\/wp-json\/wp\/v2\/media\/20940"}],"wp:attachment":[{"href":"https:\/\/www.roues-rar.fr\/en\/wp-json\/wp\/v2\/media?parent=28517"}],"wp:term":[{"taxonomy":"product_brand","embeddable":true,"href":"https:\/\/www.roues-rar.fr\/en\/wp-json\/wp\/v2\/product_brand?post=28517"},{"taxonomy":"product_cat","embeddable":true,"href":"https:\/\/www.roues-rar.fr\/en\/wp-json\/wp\/v2\/product_cat?post=28517"},{"taxonomy":"product_tag","embeddable":true,"href":"https:\/\/www.roues-rar.fr\/en\/wp-json\/wp\/v2\/product_tag?post=28517"}],"curies":[{"name":"wp","href":"https:\/\/api.w.org\/{rel}","templated":true}]}}