{"id":28529,"date":"2025-09-12T15:00:48","date_gmt":"2025-09-12T13:00:48","guid":{"rendered":"https:\/\/www.roues-rar.fr\/?post_type=product&#038;p=28529"},"modified":"2025-09-23T07:49:51","modified_gmt":"2025-09-23T05:49:51","slug":"roulements-xd-acros","status":"publish","type":"product","link":"https:\/\/www.roues-rar.fr\/roulements-hwg-acros\/","title":{"rendered":"Roulements HWG ACROS"},"excerpt":{"rendered":"<p dir=\"auto\">D\u00e9couvrez la robustesse des roulements ACROS HWG. les roulements ACROS, d\u00e9velopp\u00e9s en collaboration avec HWG, sp\u00e9cialiste allemand des roulements antifriction, offrent une performance exceptionnelle.<\/p>\n<p dir=\"auto\">Fabriqu\u00e9s en acier de haute qualit\u00e9, ces roulements int\u00e8grent des port\u00e9es \u00e0 contact angulaire, une conception sp\u00e9cifique qui absorbe efficacement les contraintes lat\u00e9rales.<\/p>\n<p dir=\"auto\">R\u00e9sultat : une dur\u00e9e de vie prolong\u00e9e, m\u00eame dans les conditions les plus extr\u00eames.<\/p>\n<p>Utilisation id\u00e9ale:\u00a0Comp\u00e9tition\u00a0ROUTE \/ VTT \/ GRAVEL<br \/>\nEntretien: Aucun<br \/>\nEndurance: Sup\u00e9rieure<br \/>\nCouple de frottement 6902 (15\u00b0C): 0.55cN.m<\/p>\n","protected":false},"featured_media":28534,"template":"","meta":{"_acf_changed":false},"product_brand":[],"product_cat":[24],"product_tag":[1673],"class_list":{"0":"post-28529","1":"product","2":"type-product","3":"status-publish","4":"has-post-thumbnail","6":"product_cat-pieces-detachees","7":"product_tag-roulements","8":"pa_roulements-tpi6802","9":"pa_roulements-tpi6902","10":"pa_roulements-skf6802","11":"pa_roulements-skf6902","12":"pa_roulements-skf6801","13":"pa_roulements-skf6803","14":"pa_roulements-skf6903","15":"pa_roulements-hwg_acros19285","16":"pa_roulements-hwg_acros19307","17":"pa_roulements-cyclingceramic6802","18":"pa_roulements-cyclingceramic6902","19":"pa_roulements-skfmtrx6802","20":"pa_roulements-skfmtrx6902","22":"first","23":"instock","24":"taxable","25":"shipping-taxable","26":"purchasable","27":"product-type-variable","28":"has-default-attributes"},"acf":[],"_links":{"self":[{"href":"https:\/\/www.roues-rar.fr\/en\/wp-json\/wp\/v2\/product\/28529","targetHints":{"allow":["GET"]}}],"collection":[{"href":"https:\/\/www.roues-rar.fr\/en\/wp-json\/wp\/v2\/product"}],"about":[{"href":"https:\/\/www.roues-rar.fr\/en\/wp-json\/wp\/v2\/types\/product"}],"wp:featuredmedia":[{"embeddable":true,"href":"https:\/\/www.roues-rar.fr\/en\/wp-json\/wp\/v2\/media\/28534"}],"wp:attachment":[{"href":"https:\/\/www.roues-rar.fr\/en\/wp-json\/wp\/v2\/media?parent=28529"}],"wp:term":[{"taxonomy":"product_brand","embeddable":true,"href":"https:\/\/www.roues-rar.fr\/en\/wp-json\/wp\/v2\/product_brand?post=28529"},{"taxonomy":"product_cat","embeddable":true,"href":"https:\/\/www.roues-rar.fr\/en\/wp-json\/wp\/v2\/product_cat?post=28529"},{"taxonomy":"product_tag","embeddable":true,"href":"https:\/\/www.roues-rar.fr\/en\/wp-json\/wp\/v2\/product_tag?post=28529"}],"curies":[{"name":"wp","href":"https:\/\/api.w.org\/{rel}","templated":true}]}}