{"id":28581,"date":"2025-09-15T10:40:36","date_gmt":"2025-09-15T08:40:36","guid":{"rendered":"https:\/\/www.roues-rar.fr\/?post_type=product&#038;p=28581"},"modified":"2025-09-26T09:02:15","modified_gmt":"2025-09-26T07:02:15","slug":"caffelatex-liquide-anticreuvaison","status":"publish","type":"product","link":"https:\/\/www.roues-rar.fr\/caffelatex-liquide-anticrevaison\/","title":{"rendered":"CAFF\u00c9LATEX liquide anti-crevaison"},"excerpt":{"rendered":"<p>Le liquide pr\u00e9ventif anti crevaison Caff\u00e9latex se cache discr\u00e8tement dans les roues des meilleurs cyclistes du monde, qui lui font confiance pour une protection efficace contre les crevaisons.<\/p>\n<p>Volume: 250mL<\/p>\n","protected":false},"featured_media":28582,"template":"","meta":{"_acf_changed":false},"product_brand":[],"product_cat":[24],"product_tag":[1772],"class_list":{"0":"post-28581","1":"product","2":"type-product","3":"status-publish","4":"has-post-thumbnail","6":"product_cat-pieces-detachees","7":"product_tag-maintenance","9":"first","10":"instock","11":"taxable","12":"shipping-taxable","13":"purchasable","14":"product-type-simple"},"acf":[],"_links":{"self":[{"href":"https:\/\/www.roues-rar.fr\/en\/wp-json\/wp\/v2\/product\/28581","targetHints":{"allow":["GET"]}}],"collection":[{"href":"https:\/\/www.roues-rar.fr\/en\/wp-json\/wp\/v2\/product"}],"about":[{"href":"https:\/\/www.roues-rar.fr\/en\/wp-json\/wp\/v2\/types\/product"}],"wp:featuredmedia":[{"embeddable":true,"href":"https:\/\/www.roues-rar.fr\/en\/wp-json\/wp\/v2\/media\/28582"}],"wp:attachment":[{"href":"https:\/\/www.roues-rar.fr\/en\/wp-json\/wp\/v2\/media?parent=28581"}],"wp:term":[{"taxonomy":"product_brand","embeddable":true,"href":"https:\/\/www.roues-rar.fr\/en\/wp-json\/wp\/v2\/product_brand?post=28581"},{"taxonomy":"product_cat","embeddable":true,"href":"https:\/\/www.roues-rar.fr\/en\/wp-json\/wp\/v2\/product_cat?post=28581"},{"taxonomy":"product_tag","embeddable":true,"href":"https:\/\/www.roues-rar.fr\/en\/wp-json\/wp\/v2\/product_tag?post=28581"}],"curies":[{"name":"wp","href":"https:\/\/api.w.org\/{rel}","templated":true}]}}