{"id":29236,"date":"2025-09-25T07:58:30","date_gmt":"2025-09-25T05:58:30","guid":{"rendered":"https:\/\/www.roues-rar.fr\/?post_type=product&#038;p=29236"},"modified":"2025-10-12T06:51:53","modified_gmt":"2025-10-12T04:51:53","slug":"even-40-roue-avant","status":"publish","type":"product","link":"https:\/\/www.roues-rar.fr\/even-40-roue-avant\/","title":{"rendered":"EVEN 40 roue arri\u00e8re"},"excerpt":{"rendered":"<h2 dir=\"ltr\" data-pm-slice=\"1 1 []\">La performance polyvalente<\/h2>\n<p dir=\"ltr\" data-pm-slice=\"1 1 []\">Qu\u2019est-ce qui fait d\u2019une roue un alli\u00e9 fid\u00e8le sur routes mixtes ? <strong>EVEN 40<\/strong> r\u00e9pond avec une excellente agilit\u00e9, minimisant la prise au vent tout en introduisant la touche d\u2019a\u00e9rodynamisme. Sa rigidit\u00e9 finement dos\u00e9e et ses jantes carbone robustes assurent un \u00e9quilibre parfait entre efficacit\u00e9 et dynamisme.<\/p>\n<p><span style=\"color: #000000;\">Votre paire de roues RAR est livr\u00e9e avec:<\/span><\/p>\n<ul>\n<li><span style=\"color: #000000;\">housses de roues matelass\u00e9es<\/span><\/li>\n<li>fond de jante install\u00e9 pour pneu chambre \u00e0 air et pneu tubeless<\/li>\n<li>valves tubeless<\/li>\n<li>certificat de garantie<\/li>\n<\/ul>\n","protected":false},"featured_media":20364,"template":"","meta":{"_acf_changed":false},"product_brand":[],"product_cat":[1868],"product_tag":[1659],"class_list":{"0":"post-29236","1":"product","2":"type-product","3":"status-publish","4":"has-post-thumbnail","6":"product_cat-detail-sav","7":"product_tag-even","8":"pa_classification-astm-category-2-road-and-gravel-use-jumps-of-15cm-max","9":"pa_diametre-etrto-622x21","10":"pa_garantie-5-years","11":"pa_garantie-lifetime-warranty-upon-registration","12":"pa_hauteurdejante-40mm","13":"pa_largeur-interne-21mm","14":"pa_largeurdejanteexterne-28mm","15":"pa_poidsmaxsupportecoureurvelo-100kg","16":"pa_poidsmaxsupportecoureurvelo-contact-us-if-you-exceed-this-limit-or-want-custom-ultra-stiff-wheels-well-optimize-composite-and-spoke-setup-to-your-needs","17":"pa_poidspaire_moyeuxraresog-1200g-tubular","18":"pa_poidspaire_moyeuxraresog-1310-tubetype-tubeless","19":"pa_poidspairemoyeux_rarfirstg-1250-tubular","20":"pa_poidspairemoyeux_rarfirstg-1360-tubetype-tubeless","21":"pa_roulementsavant_arriere-paire-de-roues","22":"pa_roulementsavant_arriere-roue-arriere","23":"pa_roulementsavant_arriere-roue-avant","25":"first","26":"instock","27":"taxable","28":"shipping-taxable","29":"purchasable","30":"product-type-simple"},"acf":[],"_links":{"self":[{"href":"https:\/\/www.roues-rar.fr\/en\/wp-json\/wp\/v2\/product\/29236","targetHints":{"allow":["GET"]}}],"collection":[{"href":"https:\/\/www.roues-rar.fr\/en\/wp-json\/wp\/v2\/product"}],"about":[{"href":"https:\/\/www.roues-rar.fr\/en\/wp-json\/wp\/v2\/types\/product"}],"wp:featuredmedia":[{"embeddable":true,"href":"https:\/\/www.roues-rar.fr\/en\/wp-json\/wp\/v2\/media\/20364"}],"wp:attachment":[{"href":"https:\/\/www.roues-rar.fr\/en\/wp-json\/wp\/v2\/media?parent=29236"}],"wp:term":[{"taxonomy":"product_brand","embeddable":true,"href":"https:\/\/www.roues-rar.fr\/en\/wp-json\/wp\/v2\/product_brand?post=29236"},{"taxonomy":"product_cat","embeddable":true,"href":"https:\/\/www.roues-rar.fr\/en\/wp-json\/wp\/v2\/product_cat?post=29236"},{"taxonomy":"product_tag","embeddable":true,"href":"https:\/\/www.roues-rar.fr\/en\/wp-json\/wp\/v2\/product_tag?post=29236"}],"curies":[{"name":"wp","href":"https:\/\/api.w.org\/{rel}","templated":true}]}}