{"id":29997,"date":"2025-09-20T11:05:44","date_gmt":"2025-09-20T09:05:44","guid":{"rendered":"https:\/\/www.roues-rar.fr\/produit\/outil-de-maintien-de-rayon\/"},"modified":"2025-09-30T18:25:16","modified_gmt":"2025-09-30T16:25:16","slug":"outil-de-maintien-de-rayon","status":"publish","type":"product","link":"https:\/\/www.roues-rar.fr\/en\/outil-de-maintien-de-rayon\/","title":{"rendered":"Bladed and aero spoke holder tool"},"excerpt":{"rendered":"<p>This tool maintains the flat or oval section of bladed spokes while tensioning. Suitable for spokes of these dimensions:<\/p>\n<p>0.9mm<\/p>\n<p>1.1mm<\/p>\n<p>1.3mm<\/p>\n<p>1.9mm<\/p>\n<p>Cette cl\u00e9 vous permet de maintenir le plat du rayon lors de la mise en tension. Elle \u00e9vite que le rayon ne vrille par friction avec l&#8217;\u00e9crou.<\/p>\n","protected":false},"featured_media":28992,"template":"","meta":{"_acf_changed":false},"product_brand":[],"product_cat":[1846],"product_tag":[1854],"class_list":{"0":"post-29997","1":"product","2":"type-product","3":"status-publish","4":"has-post-thumbnail","6":"product_cat-spareparts","7":"product_tag-tools","9":"first","10":"instock","11":"taxable","12":"shipping-taxable","13":"purchasable","14":"product-type-simple"},"acf":[],"_links":{"self":[{"href":"https:\/\/www.roues-rar.fr\/en\/wp-json\/wp\/v2\/product\/29997","targetHints":{"allow":["GET"]}}],"collection":[{"href":"https:\/\/www.roues-rar.fr\/en\/wp-json\/wp\/v2\/product"}],"about":[{"href":"https:\/\/www.roues-rar.fr\/en\/wp-json\/wp\/v2\/types\/product"}],"wp:featuredmedia":[{"embeddable":true,"href":"https:\/\/www.roues-rar.fr\/en\/wp-json\/wp\/v2\/media\/28992"}],"wp:attachment":[{"href":"https:\/\/www.roues-rar.fr\/en\/wp-json\/wp\/v2\/media?parent=29997"}],"wp:term":[{"taxonomy":"product_brand","embeddable":true,"href":"https:\/\/www.roues-rar.fr\/en\/wp-json\/wp\/v2\/product_brand?post=29997"},{"taxonomy":"product_cat","embeddable":true,"href":"https:\/\/www.roues-rar.fr\/en\/wp-json\/wp\/v2\/product_cat?post=29997"},{"taxonomy":"product_tag","embeddable":true,"href":"https:\/\/www.roues-rar.fr\/en\/wp-json\/wp\/v2\/product_tag?post=29997"}],"curies":[{"name":"wp","href":"https:\/\/api.w.org\/{rel}","templated":true}]}}