{"id":30247,"date":"2025-10-01T06:53:53","date_gmt":"2025-10-01T04:53:53","guid":{"rendered":"https:\/\/www.roues-rar.fr\/?post_type=product&#038;p=30247"},"modified":"2025-10-01T07:19:50","modified_gmt":"2025-10-01T05:19:50","slug":"sav-110925-m-cave","status":"publish","type":"product","link":"https:\/\/www.roues-rar.fr\/sav-110925-m-cave\/","title":{"rendered":"SAV 110925 M.CAVE"},"excerpt":{"rendered":"<h3>SAV Roues RAR TEMPO XC26<\/h3>\n<div>\u00a0* corps de moyeu avant<\/div>\n<div>\u00a0* 1 roulement avant<\/div>\n<div>\u00a0* d\u00e9montage int\u00e9gral avant\u00a0+ montage<\/div>\n<div><\/div>\n<div>\u00a0* corps de moyeu arri\u00e8re<\/div>\n<div>\u00a0* nouveaux capuchons axe<\/div>\n<div>\u00a0* d\u00e9montage int\u00e9gral\u00a0+ montage<\/div>\n<div>\u00a0* corps de roue libre arri\u00e8re (tr\u00e8s fatigu\u00e9 au point de pivot des cliquets)<\/div>\n<div><\/div>\n<div><\/div>\n<p><\/br><\/p>\n<div>768\u20ac &#8211; Remise pi\u00e8ces 15\/100 &amp; 12\/142: 20%<br \/>\nSoit 614\u20ac<\/div>\n","protected":false},"featured_media":29216,"template":"","meta":{"_acf_changed":false},"product_brand":[],"product_cat":[1868],"product_tag":[],"class_list":{"0":"post-30247","1":"product","2":"type-product","3":"status-publish","4":"has-post-thumbnail","6":"product_cat-detail-sav","8":"first","9":"instock","10":"taxable","11":"shipping-taxable","12":"purchasable","13":"product-type-simple"},"acf":[],"_links":{"self":[{"href":"https:\/\/www.roues-rar.fr\/en\/wp-json\/wp\/v2\/product\/30247","targetHints":{"allow":["GET"]}}],"collection":[{"href":"https:\/\/www.roues-rar.fr\/en\/wp-json\/wp\/v2\/product"}],"about":[{"href":"https:\/\/www.roues-rar.fr\/en\/wp-json\/wp\/v2\/types\/product"}],"wp:featuredmedia":[{"embeddable":true,"href":"https:\/\/www.roues-rar.fr\/en\/wp-json\/wp\/v2\/media\/29216"}],"wp:attachment":[{"href":"https:\/\/www.roues-rar.fr\/en\/wp-json\/wp\/v2\/media?parent=30247"}],"wp:term":[{"taxonomy":"product_brand","embeddable":true,"href":"https:\/\/www.roues-rar.fr\/en\/wp-json\/wp\/v2\/product_brand?post=30247"},{"taxonomy":"product_cat","embeddable":true,"href":"https:\/\/www.roues-rar.fr\/en\/wp-json\/wp\/v2\/product_cat?post=30247"},{"taxonomy":"product_tag","embeddable":true,"href":"https:\/\/www.roues-rar.fr\/en\/wp-json\/wp\/v2\/product_tag?post=30247"}],"curies":[{"name":"wp","href":"https:\/\/api.w.org\/{rel}","templated":true}]}}