{"id":30675,"date":"2025-10-09T09:19:54","date_gmt":"2025-10-09T07:19:54","guid":{"rendered":"https:\/\/www.roues-rar.fr\/?post_type=product&#038;p=30675"},"modified":"2025-10-09T09:38:23","modified_gmt":"2025-10-09T07:38:23","slug":"disque-dura-ace-rt-cl900","status":"publish","type":"product","link":"https:\/\/www.roues-rar.fr\/disque-dura-ace-rt-cl900\/","title":{"rendered":"Disque DURA-ACE RT-CL900"},"excerpt":{"rendered":"<p>Le summum en mati\u00e8re de puissance de freinage, les disques de frein \u00e0 disque DURA-ACE RT-CL900 offrent des performances de freinage constantes pour un meilleur contr\u00f4le et une confiance accrue en conditions de course.<\/p>\n<p>Empreinte CenterLock<\/p>\n<p>RT-CL900<\/p>\n","protected":false},"featured_media":30678,"template":"","meta":{"_acf_changed":false},"product_brand":[],"product_cat":[25],"product_tag":[],"class_list":{"0":"post-30675","1":"product","2":"type-product","3":"status-publish","4":"has-post-thumbnail","6":"product_cat-accessoires","7":"pa_diametredisquedefreins-140mm","8":"pa_diametredisquedefreins-160mm","10":"first","11":"instock","12":"taxable","13":"shipping-taxable","14":"purchasable","15":"product-type-variable","16":"has-default-attributes"},"acf":[],"_links":{"self":[{"href":"https:\/\/www.roues-rar.fr\/en\/wp-json\/wp\/v2\/product\/30675","targetHints":{"allow":["GET"]}}],"collection":[{"href":"https:\/\/www.roues-rar.fr\/en\/wp-json\/wp\/v2\/product"}],"about":[{"href":"https:\/\/www.roues-rar.fr\/en\/wp-json\/wp\/v2\/types\/product"}],"wp:featuredmedia":[{"embeddable":true,"href":"https:\/\/www.roues-rar.fr\/en\/wp-json\/wp\/v2\/media\/30678"}],"wp:attachment":[{"href":"https:\/\/www.roues-rar.fr\/en\/wp-json\/wp\/v2\/media?parent=30675"}],"wp:term":[{"taxonomy":"product_brand","embeddable":true,"href":"https:\/\/www.roues-rar.fr\/en\/wp-json\/wp\/v2\/product_brand?post=30675"},{"taxonomy":"product_cat","embeddable":true,"href":"https:\/\/www.roues-rar.fr\/en\/wp-json\/wp\/v2\/product_cat?post=30675"},{"taxonomy":"product_tag","embeddable":true,"href":"https:\/\/www.roues-rar.fr\/en\/wp-json\/wp\/v2\/product_tag?post=30675"}],"curies":[{"name":"wp","href":"https:\/\/api.w.org\/{rel}","templated":true}]}}