{"id":30874,"date":"2025-10-23T14:02:21","date_gmt":"2025-10-23T12:02:21","guid":{"rendered":"https:\/\/www.roues-rar.fr\/?post_type=product&#038;p=30874"},"modified":"2025-10-23T14:03:05","modified_gmt":"2025-10-23T12:03:05","slug":"nouveaux-adhesifs-commande-30279-jean-francois-cave","status":"publish","type":"product","link":"https:\/\/www.roues-rar.fr\/nouveaux-adhesifs-commande-30279-jean-francois-cave\/","title":{"rendered":"Nouveaux adh\u00e9sifs commande #30279 Jean-francois Cave"},"excerpt":{"rendered":"<p>D\u00e9pose adh\u00e9sifs actuels<\/p>\n<p>Nettoyage colle<\/p>\n<p>Nouveaux adh\u00e9sifs<\/p>\n","protected":false},"featured_media":29216,"template":"","meta":{"_acf_changed":false},"product_brand":[],"product_cat":[1868],"product_tag":[],"class_list":{"0":"post-30874","1":"product","2":"type-product","3":"status-publish","4":"has-post-thumbnail","6":"product_cat-detail-sav","7":"product_shipping_class-franco_port","9":"first","10":"instock","11":"taxable","12":"shipping-taxable","13":"purchasable","14":"product-type-simple"},"acf":[],"_links":{"self":[{"href":"https:\/\/www.roues-rar.fr\/en\/wp-json\/wp\/v2\/product\/30874","targetHints":{"allow":["GET"]}}],"collection":[{"href":"https:\/\/www.roues-rar.fr\/en\/wp-json\/wp\/v2\/product"}],"about":[{"href":"https:\/\/www.roues-rar.fr\/en\/wp-json\/wp\/v2\/types\/product"}],"wp:featuredmedia":[{"embeddable":true,"href":"https:\/\/www.roues-rar.fr\/en\/wp-json\/wp\/v2\/media\/29216"}],"wp:attachment":[{"href":"https:\/\/www.roues-rar.fr\/en\/wp-json\/wp\/v2\/media?parent=30874"}],"wp:term":[{"taxonomy":"product_brand","embeddable":true,"href":"https:\/\/www.roues-rar.fr\/en\/wp-json\/wp\/v2\/product_brand?post=30874"},{"taxonomy":"product_cat","embeddable":true,"href":"https:\/\/www.roues-rar.fr\/en\/wp-json\/wp\/v2\/product_cat?post=30874"},{"taxonomy":"product_tag","embeddable":true,"href":"https:\/\/www.roues-rar.fr\/en\/wp-json\/wp\/v2\/product_tag?post=30874"}],"curies":[{"name":"wp","href":"https:\/\/api.w.org\/{rel}","templated":true}]}}