{"id":30982,"date":"2025-10-27T11:49:26","date_gmt":"2025-10-27T10:49:26","guid":{"rendered":"https:\/\/www.roues-rar.fr\/?post_type=product&#038;p=30982"},"modified":"2025-10-27T12:07:23","modified_gmt":"2025-10-27T11:07:23","slug":"sav-271025-m-redonnet","status":"publish","type":"product","link":"https:\/\/www.roues-rar.fr\/sav-271025-m-redonnet\/","title":{"rendered":"SAV 271025 M.REDONNET"},"excerpt":{"rendered":"<p>RAR EVEN 40 DISQUE PNEU<\/p>\n<p>* pr\u00e9sence de jeu lat\u00e9ral, roue mont\u00e9e sur le v\u00e9lo<br \/>\n* remplacement 2 roulements SKF dans le moyeu<br \/>\n* main d&#8217;\u0153uvre d\u00e9montage\/montage<\/p>\n","protected":false},"featured_media":29216,"template":"","meta":{"_acf_changed":false},"product_brand":[],"product_cat":[1868],"product_tag":[],"class_list":{"0":"post-30982","1":"product","2":"type-product","3":"status-publish","4":"has-post-thumbnail","6":"product_cat-detail-sav","8":"first","9":"instock","10":"taxable","11":"shipping-taxable","12":"purchasable","13":"product-type-simple"},"acf":[],"_links":{"self":[{"href":"https:\/\/www.roues-rar.fr\/en\/wp-json\/wp\/v2\/product\/30982","targetHints":{"allow":["GET"]}}],"collection":[{"href":"https:\/\/www.roues-rar.fr\/en\/wp-json\/wp\/v2\/product"}],"about":[{"href":"https:\/\/www.roues-rar.fr\/en\/wp-json\/wp\/v2\/types\/product"}],"wp:featuredmedia":[{"embeddable":true,"href":"https:\/\/www.roues-rar.fr\/en\/wp-json\/wp\/v2\/media\/29216"}],"wp:attachment":[{"href":"https:\/\/www.roues-rar.fr\/en\/wp-json\/wp\/v2\/media?parent=30982"}],"wp:term":[{"taxonomy":"product_brand","embeddable":true,"href":"https:\/\/www.roues-rar.fr\/en\/wp-json\/wp\/v2\/product_brand?post=30982"},{"taxonomy":"product_cat","embeddable":true,"href":"https:\/\/www.roues-rar.fr\/en\/wp-json\/wp\/v2\/product_cat?post=30982"},{"taxonomy":"product_tag","embeddable":true,"href":"https:\/\/www.roues-rar.fr\/en\/wp-json\/wp\/v2\/product_tag?post=30982"}],"curies":[{"name":"wp","href":"https:\/\/api.w.org\/{rel}","templated":true}]}}