{"id":31586,"date":"2025-12-09T14:11:06","date_gmt":"2025-12-09T13:11:06","guid":{"rendered":"https:\/\/www.roues-rar.fr\/?post_type=product&#038;p=31586"},"modified":"2025-12-09T14:11:07","modified_gmt":"2025-12-09T13:11:07","slug":"sav-091225-mme-lena-giroud-commande-ymtlxpmsq","status":"publish","type":"product","link":"https:\/\/www.roues-rar.fr\/sav-091225-mme-lena-giroud-commande-ymtlxpmsq\/","title":{"rendered":"SAV 091225 Mme L\u00e9na GIROUD &#8211; commande YMTLXPMSQ"},"excerpt":{"rendered":"<p>SAV RAR EVEN 50P DISQUE &#8211; moyeux RAR FIRST<br \/>\nExcellent \u00e9tat g\u00e9n\u00e9ral<\/p>\n<ul>\n<li>contr\u00f4le &amp; rectification voile\/tensions<\/li>\n<li>entretien moyeux \/ nettoyage \/ graissage \/ nouveau ressort lame<\/li>\n<li>fourniture bague Shimano 12 (0.3mm) \u00e0 placer avant le premier pignon Shimano 12 sur le corps Shimano actuel<\/li>\n<\/ul>\n<p>&nbsp;<\/p>\n","protected":false},"featured_media":29216,"template":"","meta":{"_acf_changed":false},"product_brand":[],"product_cat":[1868],"product_tag":[],"class_list":{"0":"post-31586","1":"product","2":"type-product","3":"status-publish","4":"has-post-thumbnail","6":"product_cat-detail-sav","8":"first","9":"instock","10":"taxable","11":"shipping-taxable","12":"purchasable","13":"product-type-simple"},"acf":[],"_links":{"self":[{"href":"https:\/\/www.roues-rar.fr\/en\/wp-json\/wp\/v2\/product\/31586","targetHints":{"allow":["GET"]}}],"collection":[{"href":"https:\/\/www.roues-rar.fr\/en\/wp-json\/wp\/v2\/product"}],"about":[{"href":"https:\/\/www.roues-rar.fr\/en\/wp-json\/wp\/v2\/types\/product"}],"wp:featuredmedia":[{"embeddable":true,"href":"https:\/\/www.roues-rar.fr\/en\/wp-json\/wp\/v2\/media\/29216"}],"wp:attachment":[{"href":"https:\/\/www.roues-rar.fr\/en\/wp-json\/wp\/v2\/media?parent=31586"}],"wp:term":[{"taxonomy":"product_brand","embeddable":true,"href":"https:\/\/www.roues-rar.fr\/en\/wp-json\/wp\/v2\/product_brand?post=31586"},{"taxonomy":"product_cat","embeddable":true,"href":"https:\/\/www.roues-rar.fr\/en\/wp-json\/wp\/v2\/product_cat?post=31586"},{"taxonomy":"product_tag","embeddable":true,"href":"https:\/\/www.roues-rar.fr\/en\/wp-json\/wp\/v2\/product_tag?post=31586"}],"curies":[{"name":"wp","href":"https:\/\/api.w.org\/{rel}","templated":true}]}}