{"id":31605,"date":"2025-12-10T16:02:57","date_gmt":"2025-12-10T15:02:57","guid":{"rendered":"https:\/\/www.roues-rar.fr\/?post_type=product&#038;p=31605"},"modified":"2025-12-10T16:02:57","modified_gmt":"2025-12-10T15:02:57","slug":"sav-101225-m-faldor-even-38p-avant-freinage-patin-acros-fabrication-220519","status":"publish","type":"product","link":"https:\/\/www.roues-rar.fr\/sav-101225-m-faldor-even-38p-avant-freinage-patin-acros-fabrication-220519\/","title":{"rendered":"SAV 101225 M. FALDOR &#8211; EVEN 38P avant freinage patin\/Acros  &#8211; fabrication 220519"},"excerpt":{"rendered":"<p>EVEN 38P freinage patin &#8211; fabrication 220519<\/p>\n<ul>\n<li>moyeu av. SAV axe\u00a0 + 2 x roulements 19285<\/li>\n<li>Rayonnage: remplacement 6 rayons non conformes\/impact\u00e9s + remplacement 20 \u00e9crous<\/li>\n<li>main d&#8217;\u0153uvre g\u00e9n\u00e9rale d\u00e9montage-montage voile\/saut\/tensions<\/li>\n<li>nouveau fond de jante<\/li>\n<\/ul>\n","protected":false},"featured_media":29216,"template":"","meta":{"_acf_changed":false},"product_brand":[],"product_cat":[1868],"product_tag":[],"class_list":{"0":"post-31605","1":"product","2":"type-product","3":"status-publish","4":"has-post-thumbnail","6":"product_cat-detail-sav","8":"first","9":"instock","10":"taxable","11":"shipping-taxable","12":"purchasable","13":"product-type-simple"},"acf":[],"_links":{"self":[{"href":"https:\/\/www.roues-rar.fr\/en\/wp-json\/wp\/v2\/product\/31605","targetHints":{"allow":["GET"]}}],"collection":[{"href":"https:\/\/www.roues-rar.fr\/en\/wp-json\/wp\/v2\/product"}],"about":[{"href":"https:\/\/www.roues-rar.fr\/en\/wp-json\/wp\/v2\/types\/product"}],"wp:featuredmedia":[{"embeddable":true,"href":"https:\/\/www.roues-rar.fr\/en\/wp-json\/wp\/v2\/media\/29216"}],"wp:attachment":[{"href":"https:\/\/www.roues-rar.fr\/en\/wp-json\/wp\/v2\/media?parent=31605"}],"wp:term":[{"taxonomy":"product_brand","embeddable":true,"href":"https:\/\/www.roues-rar.fr\/en\/wp-json\/wp\/v2\/product_brand?post=31605"},{"taxonomy":"product_cat","embeddable":true,"href":"https:\/\/www.roues-rar.fr\/en\/wp-json\/wp\/v2\/product_cat?post=31605"},{"taxonomy":"product_tag","embeddable":true,"href":"https:\/\/www.roues-rar.fr\/en\/wp-json\/wp\/v2\/product_tag?post=31605"}],"curies":[{"name":"wp","href":"https:\/\/api.w.org\/{rel}","templated":true}]}}