{"id":31731,"date":"2026-01-13T11:31:38","date_gmt":"2026-01-13T10:31:38","guid":{"rendered":"https:\/\/www.roues-rar.fr\/?post_type=product&#038;p=31731"},"modified":"2026-01-14T14:42:43","modified_gmt":"2026-01-14T13:42:43","slug":"sav-130125-m-bellot","status":"publish","type":"product","link":"https:\/\/www.roues-rar.fr\/sav-130125-m-bellot\/","title":{"rendered":"SAV 130125 M.BELLOT"},"excerpt":{"rendered":"<p>SAV RAR EVEN 40P Freinage patin #1000 &#8211; 05\/05\/2021<\/p>\n<ul>\n<li>remplacement jante arri\u00e8re\n<ul>\n<li>d\u00e9montage pneu tubeless &#8211; \u00e9limination des d\u00e9chets<\/li>\n<li>d\u00e9montage \u00e9crous\/jante<\/li>\n<li>nouvelle jante<\/li>\n<li>assemblage roue<\/li>\n<li>montage pneu tubeless &#8211; ajout liquide 25mL Caffelatex<\/li>\n<\/ul>\n<\/li>\n<li>***op\u00e9ration offerte***\u00a0 Entretien moyeux: nettoyage\/graissage\/remplacement roulements fatigu\u00e9s<\/li>\n<\/ul>\n","protected":false},"featured_media":29216,"template":"","meta":{"_acf_changed":false},"product_brand":[],"product_cat":[1868],"product_tag":[],"class_list":{"0":"post-31731","1":"product","2":"type-product","3":"status-publish","4":"has-post-thumbnail","6":"product_cat-detail-sav","8":"first","9":"instock","10":"taxable","11":"shipping-taxable","12":"purchasable","13":"product-type-simple"},"acf":[],"_links":{"self":[{"href":"https:\/\/www.roues-rar.fr\/en\/wp-json\/wp\/v2\/product\/31731","targetHints":{"allow":["GET"]}}],"collection":[{"href":"https:\/\/www.roues-rar.fr\/en\/wp-json\/wp\/v2\/product"}],"about":[{"href":"https:\/\/www.roues-rar.fr\/en\/wp-json\/wp\/v2\/types\/product"}],"wp:featuredmedia":[{"embeddable":true,"href":"https:\/\/www.roues-rar.fr\/en\/wp-json\/wp\/v2\/media\/29216"}],"wp:attachment":[{"href":"https:\/\/www.roues-rar.fr\/en\/wp-json\/wp\/v2\/media?parent=31731"}],"wp:term":[{"taxonomy":"product_brand","embeddable":true,"href":"https:\/\/www.roues-rar.fr\/en\/wp-json\/wp\/v2\/product_brand?post=31731"},{"taxonomy":"product_cat","embeddable":true,"href":"https:\/\/www.roues-rar.fr\/en\/wp-json\/wp\/v2\/product_cat?post=31731"},{"taxonomy":"product_tag","embeddable":true,"href":"https:\/\/www.roues-rar.fr\/en\/wp-json\/wp\/v2\/product_tag?post=31731"}],"curies":[{"name":"wp","href":"https:\/\/api.w.org\/{rel}","templated":true}]}}