{"id":32019,"date":"2026-02-11T08:57:30","date_gmt":"2026-02-11T07:57:30","guid":{"rendered":"https:\/\/www.roues-rar.fr\/?post_type=product&#038;p=32019"},"modified":"2026-02-11T08:57:31","modified_gmt":"2026-02-11T07:57:31","slug":"commande-32016-frederic-pot-complement","status":"publish","type":"product","link":"https:\/\/www.roues-rar.fr\/commande-32016-frederic-pot-complement\/","title":{"rendered":"Commande #32016 Frederic POT &#8211; compl\u00e9ment"},"excerpt":{"rendered":"<p>Logo chrome miroir n\u00e9gatif compl\u00e9mentaire: 80\u20ac<\/p>\n<p>Cassette Sram RIVAL 10-33: 99\u20ac<\/p>\n<p>D\u00e9duction frais manutention: -7,20\u20ac<\/p>\n<p>&nbsp;<\/p>\n","protected":false},"featured_media":29216,"template":"","meta":{"_acf_changed":false},"product_brand":[],"product_cat":[1868],"product_tag":[],"class_list":{"0":"post-32019","1":"product","2":"type-product","3":"status-publish","4":"has-post-thumbnail","6":"product_cat-detail-sav","8":"first","9":"instock","10":"taxable","11":"shipping-taxable","12":"purchasable","13":"product-type-simple"},"acf":[],"_links":{"self":[{"href":"https:\/\/www.roues-rar.fr\/en\/wp-json\/wp\/v2\/product\/32019","targetHints":{"allow":["GET"]}}],"collection":[{"href":"https:\/\/www.roues-rar.fr\/en\/wp-json\/wp\/v2\/product"}],"about":[{"href":"https:\/\/www.roues-rar.fr\/en\/wp-json\/wp\/v2\/types\/product"}],"wp:featuredmedia":[{"embeddable":true,"href":"https:\/\/www.roues-rar.fr\/en\/wp-json\/wp\/v2\/media\/29216"}],"wp:attachment":[{"href":"https:\/\/www.roues-rar.fr\/en\/wp-json\/wp\/v2\/media?parent=32019"}],"wp:term":[{"taxonomy":"product_brand","embeddable":true,"href":"https:\/\/www.roues-rar.fr\/en\/wp-json\/wp\/v2\/product_brand?post=32019"},{"taxonomy":"product_cat","embeddable":true,"href":"https:\/\/www.roues-rar.fr\/en\/wp-json\/wp\/v2\/product_cat?post=32019"},{"taxonomy":"product_tag","embeddable":true,"href":"https:\/\/www.roues-rar.fr\/en\/wp-json\/wp\/v2\/product_tag?post=32019"}],"curies":[{"name":"wp","href":"https:\/\/api.w.org\/{rel}","templated":true}]}}