{"id":32025,"date":"2026-02-11T15:33:55","date_gmt":"2026-02-11T14:33:55","guid":{"rendered":"https:\/\/www.roues-rar.fr\/?post_type=product&#038;p=32025"},"modified":"2026-02-11T15:40:58","modified_gmt":"2026-02-11T14:40:58","slug":"sav-110226-m-davo","status":"publish","type":"product","link":"https:\/\/www.roues-rar.fr\/sav-110226-m-davo\/","title":{"rendered":"SAV 110226 M.DAVO"},"excerpt":{"rendered":"<p>RAR EXALT 40mm DISQUE &#8211; Commande #1007 Avril 2021<\/p>\n<ul>\n<li>entretien m\u00e9canique interne\n<ul>\n<li>nettoyage roue libre \/ dentures \/ couronne crant\u00e9e mobile<\/li>\n<li>lubrification g\u00e9n\u00e9rale<\/li>\n<li>nouveaux joints roue libre et capuchon axe ==&gt; V\u00e9rifier r\u00e9glage but\u00e9es basse d\u00e9railleur + indexation<\/li>\n<\/ul>\n<\/li>\n<\/ul>\n<p>ATTENTION :<br \/>\n<span style=\"font-size: inherit;\">1. USURE avanc\u00e9e des cannelures du corps de moyeu (60% env.). Remplacement \u00e0 pr\u00e9voir lors d&#8217;un prochain entretien.<br \/>\n2. roulement 6902 MAX-rempli de graisse \u00e9paisse, est ins\u00e9r\u00e9 dans le bloc roue libre: il apporte une friction importante \u00e0 la roue libre.\u00a0<\/span><\/p>\n","protected":false},"featured_media":29216,"template":"","meta":{"_acf_changed":false},"product_brand":[],"product_cat":[1868],"product_tag":[],"class_list":{"0":"post-32025","1":"product","2":"type-product","3":"status-publish","4":"has-post-thumbnail","6":"product_cat-detail-sav","8":"first","9":"instock","10":"taxable","11":"shipping-taxable","12":"purchasable","13":"product-type-simple"},"acf":[],"_links":{"self":[{"href":"https:\/\/www.roues-rar.fr\/en\/wp-json\/wp\/v2\/product\/32025","targetHints":{"allow":["GET"]}}],"collection":[{"href":"https:\/\/www.roues-rar.fr\/en\/wp-json\/wp\/v2\/product"}],"about":[{"href":"https:\/\/www.roues-rar.fr\/en\/wp-json\/wp\/v2\/types\/product"}],"wp:featuredmedia":[{"embeddable":true,"href":"https:\/\/www.roues-rar.fr\/en\/wp-json\/wp\/v2\/media\/29216"}],"wp:attachment":[{"href":"https:\/\/www.roues-rar.fr\/en\/wp-json\/wp\/v2\/media?parent=32025"}],"wp:term":[{"taxonomy":"product_brand","embeddable":true,"href":"https:\/\/www.roues-rar.fr\/en\/wp-json\/wp\/v2\/product_brand?post=32025"},{"taxonomy":"product_cat","embeddable":true,"href":"https:\/\/www.roues-rar.fr\/en\/wp-json\/wp\/v2\/product_cat?post=32025"},{"taxonomy":"product_tag","embeddable":true,"href":"https:\/\/www.roues-rar.fr\/en\/wp-json\/wp\/v2\/product_tag?post=32025"}],"curies":[{"name":"wp","href":"https:\/\/api.w.org\/{rel}","templated":true}]}}