{"id":32236,"date":"2026-03-07T11:06:00","date_gmt":"2026-03-07T10:06:00","guid":{"rendered":"https:\/\/www.roues-rar.fr\/?post_type=product&#038;p=32236"},"modified":"2026-03-30T16:44:56","modified_gmt":"2026-03-30T14:44:56","slug":"pret-roues-gonnel","status":"publish","type":"product","link":"https:\/\/www.roues-rar.fr\/pret-roues-gonnel\/","title":{"rendered":"PRET ROUES Ateliers GONNEL"},"excerpt":{"rendered":"<h2>Partenariat Ateliers GONNEL<\/h2>\n<p dir=\"auto\">Pr\u00eat de 3 paires de roues pour tests &amp; salons<\/p>\n<ul type=\"disc\">\n<li class=\"m_6731127042043624913MsoListParagraph\"><b>RAR Aura40<\/b>, corps de roue libre XDR. Utilisation : montage sur Alliage taille S,\u00a0ne roulera pas.<u><\/u><u><\/u><\/li>\n<li class=\"m_6731127042043624913MsoListParagraph\"><b>RAR Even40<\/b>, corps de roue libre HG. Moyeux ESO &#8211; HG. Utilisation : montage sur Alliage taille M, qui passera en test dans Le Cycle, Cyclist, Gravel-Passion et probablement Matos-v\u00e9lo.fr.\u00a0 ==&gt; exp\u00e9dition 09\/03\/26 XY713533400JB<u><\/u><\/li>\n<li class=\"m_6731127042043624913MsoListParagraph\"><b>RAR Even GX40<\/b>, corps de roue libre MS, moyeux peinture OR. Utilisation : montage sur Embrun taille L, qui passera en test dans le hors-s\u00e9rie Gravel de V\u00e9lo-Vert, et probablement dans 200 Magazine.<\/li>\n<\/ul>\n<p>Frais d&#8217;exp\u00e9dition 84\u20ac.<\/p>\n<p>Au 09\/03: envoi EVEN 40 colis XY713533400JB<\/p>\n<p><strong><em>Modification 10\/03:<\/em><\/strong><\/p>\n<p>EVEN40: XDR ==&gt; nouvel envoi corps de roue libre le 11\/03\/26.<br \/>\nAu 11\/03: En attente retour corps ESO MS en \u00e9change du HG (commande #31733 &#8211; envoi XY713453180JB) &#8211; et ESO HG en exp\u00e9dition jour m\u00eame<br \/>\nAu 26\/03:\u00a0 envoi AURA 40: colis 6C20677744571<br \/>\nAu 30\/03: envoi GX40 colis 6C 2067609633 6<\/p>\n","protected":false},"featured_media":21698,"template":"","meta":{"_acf_changed":false},"product_brand":[],"product_cat":[1868],"product_tag":[],"class_list":{"0":"post-32236","1":"product","2":"type-product","3":"status-publish","4":"has-post-thumbnail","6":"product_cat-detail-sav","8":"first","9":"instock","10":"taxable","11":"shipping-taxable","12":"purchasable","13":"product-type-simple"},"acf":[],"_links":{"self":[{"href":"https:\/\/www.roues-rar.fr\/en\/wp-json\/wp\/v2\/product\/32236","targetHints":{"allow":["GET"]}}],"collection":[{"href":"https:\/\/www.roues-rar.fr\/en\/wp-json\/wp\/v2\/product"}],"about":[{"href":"https:\/\/www.roues-rar.fr\/en\/wp-json\/wp\/v2\/types\/product"}],"wp:featuredmedia":[{"embeddable":true,"href":"https:\/\/www.roues-rar.fr\/en\/wp-json\/wp\/v2\/media\/21698"}],"wp:attachment":[{"href":"https:\/\/www.roues-rar.fr\/en\/wp-json\/wp\/v2\/media?parent=32236"}],"wp:term":[{"taxonomy":"product_brand","embeddable":true,"href":"https:\/\/www.roues-rar.fr\/en\/wp-json\/wp\/v2\/product_brand?post=32236"},{"taxonomy":"product_cat","embeddable":true,"href":"https:\/\/www.roues-rar.fr\/en\/wp-json\/wp\/v2\/product_cat?post=32236"},{"taxonomy":"product_tag","embeddable":true,"href":"https:\/\/www.roues-rar.fr\/en\/wp-json\/wp\/v2\/product_tag?post=32236"}],"curies":[{"name":"wp","href":"https:\/\/api.w.org\/{rel}","templated":true}]}}