{"id":32280,"date":"2026-03-11T07:22:09","date_gmt":"2026-03-11T06:22:09","guid":{"rendered":"https:\/\/www.roues-rar.fr\/?post_type=product&#038;p=32280"},"modified":"2026-03-11T07:25:20","modified_gmt":"2026-03-11T06:25:20","slug":"sav-110326-m-viard","status":"publish","type":"product","link":"https:\/\/www.roues-rar.fr\/sav-110326-m-viard\/","title":{"rendered":"SAV 110326 M.VIARD"},"excerpt":{"rendered":"<p><strong>RAR EVEN 40 DISQUE &#8211; #31974<\/strong><\/p>\n<p><em><strong>Roue avant<\/strong><\/em><\/p>\n<ul>\n<li>remplacement 2 rayons roue avant + 2 \u00e9crous<br \/>\n&#8211; 1 x impact\u00e9 \/ choc<br \/>\n&#8211; 1 x rupture \/ choc<\/li>\n<li>r\u00e9glage voile \/ saut \/ centrage \/ tensions rayons<\/li>\n<li>==&gt; pr\u00e9sence de frottements + rayures jante<\/li>\n<\/ul>\n<p><em><strong>Roue arri\u00e8re<\/strong><\/em><\/p>\n<ul>\n<li>r\u00e9glage voile \/ tensions rayons<\/li>\n<li>==&gt; pr\u00e9sence de frottements + rayures jante<\/li>\n<\/ul>\n<p>Contr\u00f4le g\u00e9n\u00e9ral \/ \u00e9tat \u00e9l\u00e9ments fonctionnels<\/p>\n","protected":false},"featured_media":29216,"template":"","meta":{"_acf_changed":false},"product_brand":[],"product_cat":[1868],"product_tag":[],"class_list":{"0":"post-32280","1":"product","2":"type-product","3":"status-publish","4":"has-post-thumbnail","6":"product_cat-detail-sav","8":"first","9":"instock","10":"taxable","11":"shipping-taxable","12":"purchasable","13":"product-type-simple"},"acf":[],"_links":{"self":[{"href":"https:\/\/www.roues-rar.fr\/en\/wp-json\/wp\/v2\/product\/32280","targetHints":{"allow":["GET"]}}],"collection":[{"href":"https:\/\/www.roues-rar.fr\/en\/wp-json\/wp\/v2\/product"}],"about":[{"href":"https:\/\/www.roues-rar.fr\/en\/wp-json\/wp\/v2\/types\/product"}],"wp:featuredmedia":[{"embeddable":true,"href":"https:\/\/www.roues-rar.fr\/en\/wp-json\/wp\/v2\/media\/29216"}],"wp:attachment":[{"href":"https:\/\/www.roues-rar.fr\/en\/wp-json\/wp\/v2\/media?parent=32280"}],"wp:term":[{"taxonomy":"product_brand","embeddable":true,"href":"https:\/\/www.roues-rar.fr\/en\/wp-json\/wp\/v2\/product_brand?post=32280"},{"taxonomy":"product_cat","embeddable":true,"href":"https:\/\/www.roues-rar.fr\/en\/wp-json\/wp\/v2\/product_cat?post=32280"},{"taxonomy":"product_tag","embeddable":true,"href":"https:\/\/www.roues-rar.fr\/en\/wp-json\/wp\/v2\/product_tag?post=32280"}],"curies":[{"name":"wp","href":"https:\/\/api.w.org\/{rel}","templated":true}]}}