{"id":3453,"date":"2019-04-16T16:01:26","date_gmt":"2019-04-16T14:01:26","guid":{"rendered":"https:\/\/www.roues-rar.fr\/produit\/gp5000-monte-ou-non-pneu-route-continental\/"},"modified":"2025-09-16T17:01:52","modified_gmt":"2025-09-16T15:01:52","slug":"gp5000-monte-ou-non-pneu-route-continental","status":"publish","type":"product","link":"https:\/\/www.roues-rar.fr\/gp5000-monte-ou-non-pneu-route-continental\/","title":{"rendered":"GP5000 mont\u00e9 ou non &#8211; pneu route Continental"},"excerpt":{"rendered":"<p>Le meilleur allrounder sur le terrain, amen\u00e9 \u00e0 un tout nouveau niveau de performance. Rouler plus vite, plus confortable et avec une protection anti-crevaison accrue. Fait pour vous rendre meilleur.<\/p>\n<p><strong>Produit vendu \u00e0 l&#8217;unit\u00e9.\u00a0<\/strong><\/p>\n<p>Montage possible sur commande en cours.<br \/>\nPour 2 pneus mont\u00e9s, commandez 2 fois la r\u00e9f\u00e9rence.<\/p>\n","protected":false},"featured_media":28726,"template":"","meta":{"_acf_changed":false},"product_brand":[],"product_cat":[25],"product_tag":[],"class_list":{"0":"post-3453","1":"product","2":"type-product","3":"status-publish","4":"has-post-thumbnail","6":"product_cat-accessoires","7":"pa_diametredepneumatique-25mm","8":"pa_diametredepneumatique-28mm","9":"pa_montagetubeless-non","10":"pa_montagetubeless-chambreaaircontinentallight","11":"pa_montagetubeless-tubelessanti_crevaison25ml","12":"pa_pneumatiquescontinental-55-gp5000str_compatibletubele","13":"pa_pneumatiquescontinental-gp5000_compatiblechambreaair","15":"first","16":"instock","17":"taxable","18":"shipping-taxable","19":"purchasable","20":"product-type-variable","21":"has-default-attributes"},"acf":[],"_links":{"self":[{"href":"https:\/\/www.roues-rar.fr\/en\/wp-json\/wp\/v2\/product\/3453","targetHints":{"allow":["GET"]}}],"collection":[{"href":"https:\/\/www.roues-rar.fr\/en\/wp-json\/wp\/v2\/product"}],"about":[{"href":"https:\/\/www.roues-rar.fr\/en\/wp-json\/wp\/v2\/types\/product"}],"wp:featuredmedia":[{"embeddable":true,"href":"https:\/\/www.roues-rar.fr\/en\/wp-json\/wp\/v2\/media\/28726"}],"wp:attachment":[{"href":"https:\/\/www.roues-rar.fr\/en\/wp-json\/wp\/v2\/media?parent=3453"}],"wp:term":[{"taxonomy":"product_brand","embeddable":true,"href":"https:\/\/www.roues-rar.fr\/en\/wp-json\/wp\/v2\/product_brand?post=3453"},{"taxonomy":"product_cat","embeddable":true,"href":"https:\/\/www.roues-rar.fr\/en\/wp-json\/wp\/v2\/product_cat?post=3453"},{"taxonomy":"product_tag","embeddable":true,"href":"https:\/\/www.roues-rar.fr\/en\/wp-json\/wp\/v2\/product_tag?post=3453"}],"curies":[{"name":"wp","href":"https:\/\/api.w.org\/{rel}","templated":true}]}}