{"id":3482,"date":"2019-09-21T13:27:28","date_gmt":"2019-09-21T11:27:28","guid":{"rendered":"https:\/\/www.roues-rar.fr\/produit\/roulements-annulaires\/"},"modified":"2025-09-12T15:26:31","modified_gmt":"2025-09-12T13:26:31","slug":"roulements-annulaires","status":"publish","type":"product","link":"https:\/\/www.roues-rar.fr\/roulements-annulaires\/","title":{"rendered":"Roulements SKF"},"excerpt":{"rendered":"<h3>SKF<\/h3>\n<p dir=\"ltr\" data-pm-slice=\"1 1 []\">Transformez vos performances avec les roulements SKF, mont\u00e9s de s\u00e9rie sur les moyeux RAR ESO.<br \/>\nFabriqu\u00e9s au Japon ou en Italie, ces roulements en acier avec une cage en polym\u00e8re et un double joint caoutchouc assurent une fluidit\u00e9 optimale apr\u00e8s un l\u00e9ger rodage, minimisant le frottement pour une efficacit\u00e9 durable.<br \/>\nPour les comp\u00e9titeurs en qu\u00eate de pr\u00e9cision, les SKF offrent un \u00e9quilibre parfait entre robustesse et endurance.<\/p>\n<p>Utilisation id\u00e9ale:\u00a0Comp\u00e9tition ROUTE \/ VTT \/ GRAVEL<br \/>\nEntretien:\u00a0Aucun<br \/>\nEndurance:\u00a0Standard.<br \/>\nCouple de frottement 6902 (15\u00b0C): 0.55cN.m<\/p>\n","protected":false},"featured_media":20938,"template":"","meta":{"_acf_changed":false},"product_brand":[],"product_cat":[24],"product_tag":[1673],"class_list":{"0":"post-3482","1":"product","2":"type-product","3":"status-publish","4":"has-post-thumbnail","6":"product_cat-pieces-detachees","7":"product_tag-roulements","8":"pa_roulements-tpi6802","9":"pa_roulements-tpi6902","10":"pa_roulements-skf6802","11":"pa_roulements-skf6902","12":"pa_roulements-skf6801","13":"pa_roulements-skf6803","14":"pa_roulements-skf6903","15":"pa_roulements-hwg_acros19285","16":"pa_roulements-hwg_acros19307","17":"pa_roulements-cyclingceramic6802","18":"pa_roulements-cyclingceramic6902","19":"pa_roulements-skfmtrx6802","20":"pa_roulements-skfmtrx6902","22":"first","23":"instock","24":"taxable","25":"shipping-taxable","26":"purchasable","27":"product-type-variable","28":"has-default-attributes"},"acf":[],"_links":{"self":[{"href":"https:\/\/www.roues-rar.fr\/en\/wp-json\/wp\/v2\/product\/3482","targetHints":{"allow":["GET"]}}],"collection":[{"href":"https:\/\/www.roues-rar.fr\/en\/wp-json\/wp\/v2\/product"}],"about":[{"href":"https:\/\/www.roues-rar.fr\/en\/wp-json\/wp\/v2\/types\/product"}],"wp:featuredmedia":[{"embeddable":true,"href":"https:\/\/www.roues-rar.fr\/en\/wp-json\/wp\/v2\/media\/20938"}],"wp:attachment":[{"href":"https:\/\/www.roues-rar.fr\/en\/wp-json\/wp\/v2\/media?parent=3482"}],"wp:term":[{"taxonomy":"product_brand","embeddable":true,"href":"https:\/\/www.roues-rar.fr\/en\/wp-json\/wp\/v2\/product_brand?post=3482"},{"taxonomy":"product_cat","embeddable":true,"href":"https:\/\/www.roues-rar.fr\/en\/wp-json\/wp\/v2\/product_cat?post=3482"},{"taxonomy":"product_tag","embeddable":true,"href":"https:\/\/www.roues-rar.fr\/en\/wp-json\/wp\/v2\/product_tag?post=3482"}],"curies":[{"name":"wp","href":"https:\/\/api.w.org\/{rel}","templated":true}]}}