{"id":3512,"date":"2019-12-09T06:44:39","date_gmt":"2019-12-09T05:44:39","guid":{"rendered":"https:\/\/www.roues-rar.fr\/produit\/huile-synthetique-rar-eso-10ml\/"},"modified":"2025-09-11T15:03:05","modified_gmt":"2025-09-11T13:03:05","slug":"huile-synthetique-rar-eso-10ml","status":"publish","type":"product","link":"https:\/\/www.roues-rar.fr\/huile-synthetique-rar-eso-10ml\/","title":{"rendered":"Huile synth\u00e9tique RAR ESO 10mL"},"excerpt":{"rendered":"<p>Fiole d&#8217;huile sp\u00e9cifique pour lubrification de la m\u00e9canique du moyeu RAR ESO.<\/p>\n<p>Pouvoir d&#8217;adh\u00e9sion et de lubrification \u00e9lev\u00e9.<\/p>\n<p>A appliquer avec parcimonie sur la couronne crant\u00e9e fixe (2 gouttes) et en filet sur les cannelures du moyeu.<\/p>\n<p>Dans tous les cas se r\u00e9f\u00e9rer au manuel RAR ESO.<\/p>\n<p>Volume: 10mL<\/p>\n","protected":false},"featured_media":28220,"template":"","meta":{"_acf_changed":false},"product_brand":[],"product_cat":[24],"product_tag":[1772],"class_list":{"0":"post-3512","1":"product","2":"type-product","3":"status-publish","4":"has-post-thumbnail","6":"product_cat-pieces-detachees","7":"product_tag-maintenance","9":"first","10":"instock","11":"taxable","12":"shipping-taxable","13":"purchasable","14":"product-type-simple"},"acf":[],"_links":{"self":[{"href":"https:\/\/www.roues-rar.fr\/en\/wp-json\/wp\/v2\/product\/3512","targetHints":{"allow":["GET"]}}],"collection":[{"href":"https:\/\/www.roues-rar.fr\/en\/wp-json\/wp\/v2\/product"}],"about":[{"href":"https:\/\/www.roues-rar.fr\/en\/wp-json\/wp\/v2\/types\/product"}],"wp:featuredmedia":[{"embeddable":true,"href":"https:\/\/www.roues-rar.fr\/en\/wp-json\/wp\/v2\/media\/28220"}],"wp:attachment":[{"href":"https:\/\/www.roues-rar.fr\/en\/wp-json\/wp\/v2\/media?parent=3512"}],"wp:term":[{"taxonomy":"product_brand","embeddable":true,"href":"https:\/\/www.roues-rar.fr\/en\/wp-json\/wp\/v2\/product_brand?post=3512"},{"taxonomy":"product_cat","embeddable":true,"href":"https:\/\/www.roues-rar.fr\/en\/wp-json\/wp\/v2\/product_cat?post=3512"},{"taxonomy":"product_tag","embeddable":true,"href":"https:\/\/www.roues-rar.fr\/en\/wp-json\/wp\/v2\/product_tag?post=3512"}],"curies":[{"name":"wp","href":"https:\/\/api.w.org\/{rel}","templated":true}]}}