{"id":3879,"date":"2020-05-09T18:40:59","date_gmt":"2020-05-09T16:40:59","guid":{"rendered":"https:\/\/www.roues-rar.fr\/produit\/disque-etap-axs-sram-centerline-xr\/"},"modified":"2025-10-09T10:09:53","modified_gmt":"2025-10-09T08:09:53","slug":"disque-etap-axs-sram-centerline-xr","status":"publish","type":"product","link":"https:\/\/www.roues-rar.fr\/disque-etap-axs-sram-centerline-xr\/","title":{"rendered":"Disque eTAP AXS Sram CenterLine XR"},"excerpt":{"rendered":"<p>Le disque de frein SRAM CenterLine XR (CLX-R) fonctionne conjointement avec la transmission SRAM eTap AXS\u2122. Il a \u00e9t\u00e9 con\u00e7u sp\u00e9cifiquement pour la pratique sur route et pour garantir un freinage silencieux.<\/p>\n<p>Empreinte Centerlock<\/p>\n","protected":false},"featured_media":30687,"template":"","meta":{"_acf_changed":false},"product_brand":[],"product_cat":[25],"product_tag":[],"class_list":{"0":"post-3879","1":"product","2":"type-product","3":"status-publish","4":"has-post-thumbnail","6":"product_cat-accessoires","7":"pa_diametredisquedefreins-140mm","8":"pa_diametredisquedefreins-160mm","10":"first","11":"instock","12":"taxable","13":"shipping-taxable","14":"purchasable","15":"product-type-variable","16":"has-default-attributes"},"acf":[],"_links":{"self":[{"href":"https:\/\/www.roues-rar.fr\/en\/wp-json\/wp\/v2\/product\/3879","targetHints":{"allow":["GET"]}}],"collection":[{"href":"https:\/\/www.roues-rar.fr\/en\/wp-json\/wp\/v2\/product"}],"about":[{"href":"https:\/\/www.roues-rar.fr\/en\/wp-json\/wp\/v2\/types\/product"}],"wp:featuredmedia":[{"embeddable":true,"href":"https:\/\/www.roues-rar.fr\/en\/wp-json\/wp\/v2\/media\/30687"}],"wp:attachment":[{"href":"https:\/\/www.roues-rar.fr\/en\/wp-json\/wp\/v2\/media?parent=3879"}],"wp:term":[{"taxonomy":"product_brand","embeddable":true,"href":"https:\/\/www.roues-rar.fr\/en\/wp-json\/wp\/v2\/product_brand?post=3879"},{"taxonomy":"product_cat","embeddable":true,"href":"https:\/\/www.roues-rar.fr\/en\/wp-json\/wp\/v2\/product_cat?post=3879"},{"taxonomy":"product_tag","embeddable":true,"href":"https:\/\/www.roues-rar.fr\/en\/wp-json\/wp\/v2\/product_tag?post=3879"}],"curies":[{"name":"wp","href":"https:\/\/api.w.org\/{rel}","templated":true}]}}