{"id":3888,"date":"2020-05-10T11:05:38","date_gmt":"2020-05-10T09:05:38","guid":{"rendered":"https:\/\/www.roues-rar.fr\/produit\/cassette-sram-red-xg-1290\/"},"modified":"2026-02-10T18:32:59","modified_gmt":"2026-02-10T17:32:59","slug":"cassette-sram-red-xg-1290","status":"publish","type":"product","link":"https:\/\/www.roues-rar.fr\/cassette-sram-red-xg-1290\/","title":{"rendered":"Cassette SRAM RED XG-1290"},"excerpt":{"rendered":"<p>La b\u00eate de somme de la technologie d&#8217;\u00e9tagement des vitesses X-Range\u2122. La cassette SRAM RED\u00ae XG-1290 offre une progression fluide et rapide sur toute la plage de d\u00e9veloppements. Elle a \u00e9t\u00e9 sp\u00e9cialement con\u00e7ue pour offrir des passages de vitesse \u00e9lectroniques sans fil et son design monobloc est extr\u00eamement l\u00e9ger.<\/p>\n<p>Pr\u00e9cisez nous \u00e0 la commande si vous la souhaitez mont\u00e9e sur votre paire de roues.<\/p>\n","protected":false},"featured_media":32017,"template":"","meta":{"_acf_changed":false},"product_brand":[],"product_cat":[25],"product_tag":[],"class_list":{"0":"post-3888","1":"product","2":"type-product","3":"status-publish","4":"has-post-thumbnail","6":"product_cat-accessoires","7":"pa_denturescassettes-10-30","8":"pa_denturescassettes-10-36","9":"pa_denturescassettes-10_28","10":"pa_denturescassettes-10_33","12":"first","13":"instock","14":"taxable","15":"shipping-taxable","16":"purchasable","17":"product-type-variable"},"acf":[],"_links":{"self":[{"href":"https:\/\/www.roues-rar.fr\/en\/wp-json\/wp\/v2\/product\/3888","targetHints":{"allow":["GET"]}}],"collection":[{"href":"https:\/\/www.roues-rar.fr\/en\/wp-json\/wp\/v2\/product"}],"about":[{"href":"https:\/\/www.roues-rar.fr\/en\/wp-json\/wp\/v2\/types\/product"}],"wp:featuredmedia":[{"embeddable":true,"href":"https:\/\/www.roues-rar.fr\/en\/wp-json\/wp\/v2\/media\/32017"}],"wp:attachment":[{"href":"https:\/\/www.roues-rar.fr\/en\/wp-json\/wp\/v2\/media?parent=3888"}],"wp:term":[{"taxonomy":"product_brand","embeddable":true,"href":"https:\/\/www.roues-rar.fr\/en\/wp-json\/wp\/v2\/product_brand?post=3888"},{"taxonomy":"product_cat","embeddable":true,"href":"https:\/\/www.roues-rar.fr\/en\/wp-json\/wp\/v2\/product_cat?post=3888"},{"taxonomy":"product_tag","embeddable":true,"href":"https:\/\/www.roues-rar.fr\/en\/wp-json\/wp\/v2\/product_tag?post=3888"}],"curies":[{"name":"wp","href":"https:\/\/api.w.org\/{rel}","templated":true}]}}