{"id":3892,"date":"2020-05-10T11:16:44","date_gmt":"2020-05-10T09:16:44","guid":{"rendered":"https:\/\/www.roues-rar.fr\/produit\/cassette-ultegra-cs-r8000\/"},"modified":"2025-09-16T17:20:31","modified_gmt":"2025-09-16T15:20:31","slug":"cassette-ultegra-cs-r8000","status":"publish","type":"product","link":"https:\/\/www.roues-rar.fr\/cassette-ultegra-cs-r8000\/","title":{"rendered":"Cassette ULTEGRA CS-R8000"},"excerpt":{"rendered":"<p>Con\u00e7ue pour \u00eatre utilis\u00e9e avec le groupe SHIMANO ULTEGRA R8000, la cassette R8000 est disponible dans une large gamme de d\u00e9veloppements pour la route et les surfaces mixtes. Elle est compatible avec les cha\u00eenes HG-EV et HG-X11.<\/p>\n<p>Pr\u00e9cisez nous \u00e0 la commande si vous la souhaitez mont\u00e9e sur votre paire de roues.<\/p>\n","protected":false},"featured_media":28734,"template":"","meta":{"_acf_changed":false},"product_brand":[],"product_cat":[25],"product_tag":[],"class_list":{"0":"post-3892","1":"product","2":"type-product","3":"status-publish","4":"has-post-thumbnail","6":"product_cat-accessoires","7":"pa_denturescassettes-11_23","8":"pa_denturescassettes-11_25","9":"pa_denturescassettes-11_28","10":"pa_denturescassettes-11_30","11":"pa_denturescassettes-11_32","12":"pa_denturescassettes-11_34","14":"first","15":"instock","16":"taxable","17":"shipping-taxable","18":"purchasable","19":"product-type-variable","20":"has-default-attributes"},"acf":[],"_links":{"self":[{"href":"https:\/\/www.roues-rar.fr\/en\/wp-json\/wp\/v2\/product\/3892","targetHints":{"allow":["GET"]}}],"collection":[{"href":"https:\/\/www.roues-rar.fr\/en\/wp-json\/wp\/v2\/product"}],"about":[{"href":"https:\/\/www.roues-rar.fr\/en\/wp-json\/wp\/v2\/types\/product"}],"wp:featuredmedia":[{"embeddable":true,"href":"https:\/\/www.roues-rar.fr\/en\/wp-json\/wp\/v2\/media\/28734"}],"wp:attachment":[{"href":"https:\/\/www.roues-rar.fr\/en\/wp-json\/wp\/v2\/media?parent=3892"}],"wp:term":[{"taxonomy":"product_brand","embeddable":true,"href":"https:\/\/www.roues-rar.fr\/en\/wp-json\/wp\/v2\/product_brand?post=3892"},{"taxonomy":"product_cat","embeddable":true,"href":"https:\/\/www.roues-rar.fr\/en\/wp-json\/wp\/v2\/product_cat?post=3892"},{"taxonomy":"product_tag","embeddable":true,"href":"https:\/\/www.roues-rar.fr\/en\/wp-json\/wp\/v2\/product_tag?post=3892"}],"curies":[{"name":"wp","href":"https:\/\/api.w.org\/{rel}","templated":true}]}}